{"id":9074,"date":"2022-09-28T09:52:37","date_gmt":"2022-09-28T08:52:37","guid":{"rendered":"https:\/\/www.lofficinabici.com\/?post_type=product&#038;p=9074"},"modified":"2025-02-13T17:38:45","modified_gmt":"2025-02-13T16:38:45","slug":"massi-pro-sl-rc-elite-1x12","status":"publish","type":"product","link":"https:\/\/www.lofficinabici.com\/en\/produit\/massi-pro-sl-rc-elite-1x12\/","title":{"rendered":"MASSI PRO SL RC ELITE 1X12"},"content":{"rendered":"<p>MASSI PRO SL RC ELITE 1X12<\/p>\n<p>&nbsp;<\/p>\n<p>Massi has been on all the XC podiums in the world for a few years thanks to its X-country mountain bike team.<\/p>\n<p>The Spanish brand allows you here to acquire with this Massi Pro RC SL Elite a real competition bike without concession, the objective is clear: get on the top step of the podium.<\/p>\n<p>The group is named for Shimano XTR and XT ideal for this racing use, the fork is the flagship of the FOX firm for X-country, the Kashima SC 32 with a travel of 100mm and its locking on the handlebars.<\/p>\n<p>For the wheels, these are the Venom racing wheels which, as their name suggests, are dedicated to competition. The stem, the handlebar, the seat post and the saddle are the result of the departmental competition of the brand and selected for their light weight and their reliability.<\/p>\n<p>&nbsp;<\/p>\n<p>&nbsp;<\/p>\n<table class=\"woocommerce-product-attributes shop_attributes\">\n<tbody>\n<tr class=\"woocommerce-product-attributes-item woocommerce-product-attributes-item--attribute_cadre\">\n<th class=\"woocommerce-product-attributes-item__label\"><a href=\"https:\/\/www.massi.bike\/fr\/producte\/vtt-massi-pro-sl-rc-elite-1x12-fr\/\">Cadre Massi Pro SL RC<\/a><\/th>\n<td class=\"woocommerce-product-attributes-item__value\">Carbon Monocoque UHM SL \/ Boost 148mm Axle<\/td>\n<\/tr>\n<tr class=\"woocommerce-product-attributes-item woocommerce-product-attributes-item--attribute_fourche-mtb\">\n<th class=\"woocommerce-product-attributes-item__label\">Fourche MTB<\/th>\n<td class=\"woocommerce-product-attributes-item__value\">Fox Kashima SC 32 100mm RMT<\/td>\n<\/tr>\n<tr class=\"woocommerce-product-attributes-item woocommerce-product-attributes-item--attribute_d%c3%a9railleur-arri%c3%a8re\">\n<th class=\"woocommerce-product-attributes-item__label\">D\u00e9railleur Arri\u00e8re<\/th>\n<td class=\"woocommerce-product-attributes-item__value\">Shimano XTR 9100<\/td>\n<\/tr>\n<tr class=\"woocommerce-product-attributes-item woocommerce-product-attributes-item--attribute_manettes-mtb\">\n<th class=\"woocommerce-product-attributes-item__label\">Manettes MTB<\/th>\n<td class=\"woocommerce-product-attributes-item__value\">Shimano XT 8100<\/td>\n<\/tr>\n<tr class=\"woocommerce-product-attributes-item woocommerce-product-attributes-item--attribute_freins-mtb\">\n<th class=\"woocommerce-product-attributes-item__label\">Freins MTB<\/th>\n<td class=\"woocommerce-product-attributes-item__value\">Shimano XT 8100<\/td>\n<\/tr>\n<tr class=\"woocommerce-product-attributes-item woocommerce-product-attributes-item--attribute_p%c3%a9dalier\">\n<th class=\"woocommerce-product-attributes-item__label\">P\u00e9dalier<\/th>\n<td class=\"woocommerce-product-attributes-item__value\">Shimano XT<\/td>\n<\/tr>\n<tr class=\"woocommerce-product-attributes-item woocommerce-product-attributes-item--attribute_cassette\">\n<th class=\"woocommerce-product-attributes-item__label\">Cassette<\/th>\n<td class=\"woocommerce-product-attributes-item__value\">Shimano Deore 6100<\/td>\n<\/tr>\n<tr class=\"woocommerce-product-attributes-item woocommerce-product-attributes-item--attribute_roues\">\n<th class=\"woocommerce-product-attributes-item__label\">Roues<\/th>\n<td class=\"woocommerce-product-attributes-item__value\">Massi Venom Racing<\/td>\n<\/tr>\n<tr class=\"woocommerce-product-attributes-item woocommerce-product-attributes-item--attribute_cintre-mtb\">\n<th class=\"woocommerce-product-attributes-item__label\">Cintre MTB<\/th>\n<td class=\"woocommerce-product-attributes-item__value\">Massi MHB-704<\/td>\n<\/tr>\n<tr class=\"woocommerce-product-attributes-item woocommerce-product-attributes-item--attribute_potence\">\n<th class=\"woocommerce-product-attributes-item__label\">Potence<\/th>\n<td class=\"woocommerce-product-attributes-item__value\">Massi MST-550 SL<\/td>\n<\/tr>\n<tr class=\"woocommerce-product-attributes-item woocommerce-product-attributes-item--attribute_tige-de-selle\">\n<th class=\"woocommerce-product-attributes-item__label\">Tige de Selle<\/th>\n<td class=\"woocommerce-product-attributes-item__value\">Massi MSP204<\/td>\n<\/tr>\n<tr class=\"woocommerce-product-attributes-item woocommerce-product-attributes-item--attribute_selle\">\n<th class=\"woocommerce-product-attributes-item__label\">Selle<\/th>\n<td class=\"woocommerce-product-attributes-item__value\">Massi Prolight<\/td>\n<\/tr>\n<tr class=\"woocommerce-product-attributes-item woocommerce-product-attributes-item--attribute_pneu\">\n<th class=\"woocommerce-product-attributes-item__label\">Pneu<\/th>\n<td class=\"woocommerce-product-attributes-item__value\">Massi Vortex TLR<\/td>\n<\/tr>\n<\/tbody>\n<\/table>\n<p>&nbsp;<\/p>\n<p>If you want a bike a little less extreme and still with a good value for money we can for example offer you the Massi Fura at l&#8217;Officina. Do not hesitate to contact us.<\/p>\n","protected":false},"excerpt":{"rendered":"<p>un v\u00e9lo de x-country sans concession.<\/p>\n","protected":false},"featured_media":9076,"comment_status":"closed","ping_status":"closed","template":"","meta":{"om_disable_all_campaigns":false,"_monsterinsights_skip_tracking":false,"_monsterinsights_sitenote_active":false,"_monsterinsights_sitenote_note":"","_monsterinsights_sitenote_category":0,"ocean_post_layout":"","ocean_both_sidebars_style":"","ocean_both_sidebars_content_width":0,"ocean_both_sidebars_sidebars_width":0,"ocean_sidebar":"0","ocean_second_sidebar":"0","ocean_disable_margins":"enable","ocean_add_body_class":"","ocean_shortcode_before_top_bar":"","ocean_shortcode_after_top_bar":"","ocean_shortcode_before_header":"","ocean_shortcode_after_header":"","ocean_has_shortcode":"","ocean_shortcode_after_title":"","ocean_shortcode_before_footer_widgets":"","ocean_shortcode_after_footer_widgets":"","ocean_shortcode_before_footer_bottom":"","ocean_shortcode_after_footer_bottom":"","ocean_display_top_bar":"default","ocean_display_header":"default","ocean_header_style":"","ocean_center_header_left_menu":"0","ocean_custom_header_template":"0","ocean_custom_logo":0,"ocean_custom_retina_logo":0,"ocean_custom_logo_max_width":0,"ocean_custom_logo_tablet_max_width":0,"ocean_custom_logo_mobile_max_width":0,"ocean_custom_logo_max_height":0,"ocean_custom_logo_tablet_max_height":0,"ocean_custom_logo_mobile_max_height":0,"ocean_header_custom_menu":"0","ocean_menu_typo_font_family":"0","ocean_menu_typo_font_subset":"","ocean_menu_typo_font_size":0,"ocean_menu_typo_font_size_tablet":0,"ocean_menu_typo_font_size_mobile":0,"ocean_menu_typo_font_size_unit":"px","ocean_menu_typo_font_weight":"","ocean_menu_typo_font_weight_tablet":"","ocean_menu_typo_font_weight_mobile":"","ocean_menu_typo_transform":"","ocean_menu_typo_transform_tablet":"","ocean_menu_typo_transform_mobile":"","ocean_menu_typo_line_height":0,"ocean_menu_typo_line_height_tablet":0,"ocean_menu_typo_line_height_mobile":0,"ocean_menu_typo_line_height_unit":"","ocean_menu_typo_spacing":0,"ocean_menu_typo_spacing_tablet":0,"ocean_menu_typo_spacing_mobile":0,"ocean_menu_typo_spacing_unit":"","ocean_menu_link_color":"","ocean_menu_link_color_hover":"","ocean_menu_link_color_active":"","ocean_menu_link_background":"","ocean_menu_link_hover_background":"","ocean_menu_link_active_background":"","ocean_menu_social_links_bg":"","ocean_menu_social_hover_links_bg":"","ocean_menu_social_links_color":"","ocean_menu_social_hover_links_color":"","ocean_disable_title":"default","ocean_disable_heading":"default","ocean_post_title":"","ocean_post_subheading":"","ocean_post_title_style":"","ocean_post_title_background_color":"","ocean_post_title_background":0,"ocean_post_title_bg_image_position":"","ocean_post_title_bg_image_attachment":"","ocean_post_title_bg_image_repeat":"","ocean_post_title_bg_image_size":"","ocean_post_title_height":0,"ocean_post_title_bg_overlay":0.5,"ocean_post_title_bg_overlay_color":"","ocean_disable_breadcrumbs":"default","ocean_breadcrumbs_color":"","ocean_breadcrumbs_separator_color":"","ocean_breadcrumbs_links_color":"","ocean_breadcrumbs_links_hover_color":"","ocean_display_footer_widgets":"default","ocean_display_footer_bottom":"default","ocean_custom_footer_template":"0"},"product_brand":[],"product_cat":[20,1102],"product_tag":[],"class_list":{"0":"post-9074","1":"product","2":"type-product","3":"status-publish","4":"has-post-thumbnail","6":"product_cat-velos-complets-route-gravel-vtt-colnago-pinarello-de-rosa-wilier","7":"product_cat-velo-vtt-vttae-mountain-bike","9":"entry","10":"has-media","12":"first","13":"instock","14":"sale","15":"taxable","16":"shipping-taxable","17":"purchasable","18":"product-type-variable","19":"has-default-attributes","20":"has-product-nav","21":"col","22":"span_1_of_3","23":"owp-content-center","24":"owp-thumbs-layout-horizontal","25":"owp-btn-normal","26":"owp-tabs-layout-horizontal","27":"has-no-thumbnails"},"yoast_head":"<!-- This site is optimized with the Yoast SEO plugin v27.5 - https:\/\/yoast.com\/product\/yoast-seo-wordpress\/ -->\n<title>MASSI PRO SL RC ELITE 1X12 - L\u2019OFFICINA bici da corsa<\/title>\n<meta name=\"description\" content=\"MASSI PRO SL RC ELITE 29 1x12 XT XTR disponible \u00e0 l&#039;officina, un vrai v\u00e9lo de competition X-country carbon au meilleur rapport qualit\u00e9 prix, avis fiabilit\u00e9\" \/>\n<meta name=\"robots\" content=\"index, follow, max-snippet:-1, max-image-preview:large, max-video-preview:-1\" \/>\n<link rel=\"canonical\" href=\"https:\/\/www.lofficinabici.com\/en\/produit\/massi-pro-sl-rc-elite-1x12\/\" \/>\n<meta property=\"og:locale\" content=\"en_US\" \/>\n<meta property=\"og:type\" content=\"article\" \/>\n<meta property=\"og:title\" content=\"MASSI PRO SL RC ELITE 1X12 - L\u2019OFFICINA bici da corsa\" \/>\n<meta property=\"og:description\" content=\"MASSI PRO SL RC ELITE 29 1x12 XT XTR disponible \u00e0 l&#039;officina, un vrai v\u00e9lo de competition X-country carbon au meilleur rapport qualit\u00e9 prix, avis fiabilit\u00e9\" \/>\n<meta property=\"og:url\" content=\"https:\/\/www.lofficinabici.com\/en\/produit\/massi-pro-sl-rc-elite-1x12\/\" \/>\n<meta property=\"og:site_name\" content=\"L\u2019OFFICINA bici da corsa\" \/>\n<meta property=\"article:publisher\" content=\"https:\/\/www.facebook.com\/lofficinabici\/\" \/>\n<meta property=\"article:modified_time\" content=\"2025-02-13T16:38:45+00:00\" \/>\n<meta property=\"og:image\" content=\"https:\/\/www.lofficinabici.com\/wp-content\/uploads\/2022\/09\/massi-pro-sl-rc-elite-vtt-carbon-x-country-e1664354652862.jpg\" \/>\n\t<meta property=\"og:image:width\" content=\"2425\" \/>\n\t<meta property=\"og:image:height\" content=\"1612\" \/>\n\t<meta property=\"og:image:type\" content=\"image\/jpeg\" \/>\n<meta name=\"twitter:card\" content=\"summary_large_image\" \/>\n<meta name=\"twitter:label1\" content=\"Est. reading time\" \/>\n\t<meta name=\"twitter:data1\" content=\"2 minutes\" \/>\n<script type=\"application\/ld+json\" class=\"yoast-schema-graph\">{\"@context\":\"https:\\\/\\\/schema.org\",\"@graph\":[{\"@type\":\"WebPage\",\"@id\":\"https:\\\/\\\/www.lofficinabici.com\\\/en\\\/produit\\\/massi-pro-sl-rc-elite-1x12\\\/\",\"url\":\"https:\\\/\\\/www.lofficinabici.com\\\/en\\\/produit\\\/massi-pro-sl-rc-elite-1x12\\\/\",\"name\":\"MASSI PRO SL RC ELITE 1X12 - L\u2019OFFICINA bici da corsa\",\"isPartOf\":{\"@id\":\"https:\\\/\\\/www.lofficinabici.com\\\/en\\\/#website\"},\"primaryImageOfPage\":{\"@id\":\"https:\\\/\\\/www.lofficinabici.com\\\/en\\\/produit\\\/massi-pro-sl-rc-elite-1x12\\\/#primaryimage\"},\"image\":{\"@id\":\"https:\\\/\\\/www.lofficinabici.com\\\/en\\\/produit\\\/massi-pro-sl-rc-elite-1x12\\\/#primaryimage\"},\"thumbnailUrl\":\"https:\\\/\\\/www.lofficinabici.com\\\/wp-content\\\/uploads\\\/2022\\\/09\\\/massi-pro-sl-rc-elite-vtt-carbon-x-country-e1664354652862.jpg\",\"datePublished\":\"2022-09-28T08:52:37+00:00\",\"dateModified\":\"2025-02-13T16:38:45+00:00\",\"description\":\"MASSI PRO SL RC ELITE 29 1x12 XT XTR disponible \u00e0 l'officina, un vrai v\u00e9lo de competition X-country carbon au meilleur rapport qualit\u00e9 prix, avis fiabilit\u00e9\",\"breadcrumb\":{\"@id\":\"https:\\\/\\\/www.lofficinabici.com\\\/en\\\/produit\\\/massi-pro-sl-rc-elite-1x12\\\/#breadcrumb\"},\"inLanguage\":\"en-US\",\"potentialAction\":[{\"@type\":\"ReadAction\",\"target\":[\"https:\\\/\\\/www.lofficinabici.com\\\/en\\\/produit\\\/massi-pro-sl-rc-elite-1x12\\\/\"]}]},{\"@type\":\"ImageObject\",\"inLanguage\":\"en-US\",\"@id\":\"https:\\\/\\\/www.lofficinabici.com\\\/en\\\/produit\\\/massi-pro-sl-rc-elite-1x12\\\/#primaryimage\",\"url\":\"https:\\\/\\\/www.lofficinabici.com\\\/wp-content\\\/uploads\\\/2022\\\/09\\\/massi-pro-sl-rc-elite-vtt-carbon-x-country-e1664354652862.jpg\",\"contentUrl\":\"https:\\\/\\\/www.lofficinabici.com\\\/wp-content\\\/uploads\\\/2022\\\/09\\\/massi-pro-sl-rc-elite-vtt-carbon-x-country-e1664354652862.jpg\",\"width\":2425,\"height\":1612,\"caption\":\"vtt competition massi pri sl rc elite xtr kashima\"},{\"@type\":\"BreadcrumbList\",\"@id\":\"https:\\\/\\\/www.lofficinabici.com\\\/en\\\/produit\\\/massi-pro-sl-rc-elite-1x12\\\/#breadcrumb\",\"itemListElement\":[{\"@type\":\"ListItem\",\"position\":1,\"name\":\"Accueil\",\"item\":\"https:\\\/\\\/www.lofficinabici.com\\\/en\\\/?lang=en\"},{\"@type\":\"ListItem\",\"position\":2,\"name\":\"e-Shop\",\"item\":\"https:\\\/\\\/www.lofficinabici.com\\\/shop\\\/?lang=en\"},{\"@type\":\"ListItem\",\"position\":3,\"name\":\"MASSI PRO SL RC ELITE 1X12\"}]},{\"@type\":\"WebSite\",\"@id\":\"https:\\\/\\\/www.lofficinabici.com\\\/en\\\/#website\",\"url\":\"https:\\\/\\\/www.lofficinabici.com\\\/en\\\/\",\"name\":\"L\u2019OFFICINA bici da corsa\",\"description\":\"v\u00e9los de course\",\"publisher\":{\"@id\":\"https:\\\/\\\/www.lofficinabici.com\\\/en\\\/#organization\"},\"potentialAction\":[{\"@type\":\"SearchAction\",\"target\":{\"@type\":\"EntryPoint\",\"urlTemplate\":\"https:\\\/\\\/www.lofficinabici.com\\\/en\\\/?s={search_term_string}\"},\"query-input\":{\"@type\":\"PropertyValueSpecification\",\"valueRequired\":true,\"valueName\":\"search_term_string\"}}],\"inLanguage\":\"en-US\"},{\"@type\":\"Organization\",\"@id\":\"https:\\\/\\\/www.lofficinabici.com\\\/en\\\/#organization\",\"name\":\"L'officina bici\",\"url\":\"https:\\\/\\\/www.lofficinabici.com\\\/en\\\/\",\"logo\":{\"@type\":\"ImageObject\",\"inLanguage\":\"en-US\",\"@id\":\"https:\\\/\\\/www.lofficinabici.com\\\/en\\\/#\\\/schema\\\/logo\\\/image\\\/\",\"url\":\"https:\\\/\\\/www.lofficinabici.com\\\/wp-content\\\/uploads\\\/2022\\\/01\\\/cropped-LOFFICINA-1.png\",\"contentUrl\":\"https:\\\/\\\/www.lofficinabici.com\\\/wp-content\\\/uploads\\\/2022\\\/01\\\/cropped-LOFFICINA-1.png\",\"width\":400,\"height\":225,\"caption\":\"L'officina bici\"},\"image\":{\"@id\":\"https:\\\/\\\/www.lofficinabici.com\\\/en\\\/#\\\/schema\\\/logo\\\/image\\\/\"},\"sameAs\":[\"https:\\\/\\\/www.facebook.com\\\/lofficinabici\\\/\",\"https:\\\/\\\/www.instagram.com\\\/lofficinabicidacorsa\\\/\"]}]}<\/script>\n<!-- \/ Yoast SEO plugin. -->","yoast_head_json":{"title":"MASSI PRO SL RC ELITE 1X12 - L\u2019OFFICINA bici da corsa","description":"MASSI PRO SL RC ELITE 29 1x12 XT XTR disponible \u00e0 l'officina, un vrai v\u00e9lo de competition X-country carbon au meilleur rapport qualit\u00e9 prix, avis fiabilit\u00e9","robots":{"index":"index","follow":"follow","max-snippet":"max-snippet:-1","max-image-preview":"max-image-preview:large","max-video-preview":"max-video-preview:-1"},"canonical":"https:\/\/www.lofficinabici.com\/en\/produit\/massi-pro-sl-rc-elite-1x12\/","og_locale":"en_US","og_type":"article","og_title":"MASSI PRO SL RC ELITE 1X12 - L\u2019OFFICINA bici da corsa","og_description":"MASSI PRO SL RC ELITE 29 1x12 XT XTR disponible \u00e0 l'officina, un vrai v\u00e9lo de competition X-country carbon au meilleur rapport qualit\u00e9 prix, avis fiabilit\u00e9","og_url":"https:\/\/www.lofficinabici.com\/en\/produit\/massi-pro-sl-rc-elite-1x12\/","og_site_name":"L\u2019OFFICINA bici da corsa","article_publisher":"https:\/\/www.facebook.com\/lofficinabici\/","article_modified_time":"2025-02-13T16:38:45+00:00","og_image":[{"width":2425,"height":1612,"url":"https:\/\/www.lofficinabici.com\/wp-content\/uploads\/2022\/09\/massi-pro-sl-rc-elite-vtt-carbon-x-country-e1664354652862.jpg","type":"image\/jpeg"}],"twitter_card":"summary_large_image","twitter_misc":{"Est. reading time":"2 minutes"},"schema":{"@context":"https:\/\/schema.org","@graph":[{"@type":"WebPage","@id":"https:\/\/www.lofficinabici.com\/en\/produit\/massi-pro-sl-rc-elite-1x12\/","url":"https:\/\/www.lofficinabici.com\/en\/produit\/massi-pro-sl-rc-elite-1x12\/","name":"MASSI PRO SL RC ELITE 1X12 - L\u2019OFFICINA bici da corsa","isPartOf":{"@id":"https:\/\/www.lofficinabici.com\/en\/#website"},"primaryImageOfPage":{"@id":"https:\/\/www.lofficinabici.com\/en\/produit\/massi-pro-sl-rc-elite-1x12\/#primaryimage"},"image":{"@id":"https:\/\/www.lofficinabici.com\/en\/produit\/massi-pro-sl-rc-elite-1x12\/#primaryimage"},"thumbnailUrl":"https:\/\/www.lofficinabici.com\/wp-content\/uploads\/2022\/09\/massi-pro-sl-rc-elite-vtt-carbon-x-country-e1664354652862.jpg","datePublished":"2022-09-28T08:52:37+00:00","dateModified":"2025-02-13T16:38:45+00:00","description":"MASSI PRO SL RC ELITE 29 1x12 XT XTR disponible \u00e0 l'officina, un vrai v\u00e9lo de competition X-country carbon au meilleur rapport qualit\u00e9 prix, avis fiabilit\u00e9","breadcrumb":{"@id":"https:\/\/www.lofficinabici.com\/en\/produit\/massi-pro-sl-rc-elite-1x12\/#breadcrumb"},"inLanguage":"en-US","potentialAction":[{"@type":"ReadAction","target":["https:\/\/www.lofficinabici.com\/en\/produit\/massi-pro-sl-rc-elite-1x12\/"]}]},{"@type":"ImageObject","inLanguage":"en-US","@id":"https:\/\/www.lofficinabici.com\/en\/produit\/massi-pro-sl-rc-elite-1x12\/#primaryimage","url":"https:\/\/www.lofficinabici.com\/wp-content\/uploads\/2022\/09\/massi-pro-sl-rc-elite-vtt-carbon-x-country-e1664354652862.jpg","contentUrl":"https:\/\/www.lofficinabici.com\/wp-content\/uploads\/2022\/09\/massi-pro-sl-rc-elite-vtt-carbon-x-country-e1664354652862.jpg","width":2425,"height":1612,"caption":"vtt competition massi pri sl rc elite xtr kashima"},{"@type":"BreadcrumbList","@id":"https:\/\/www.lofficinabici.com\/en\/produit\/massi-pro-sl-rc-elite-1x12\/#breadcrumb","itemListElement":[{"@type":"ListItem","position":1,"name":"Accueil","item":"https:\/\/www.lofficinabici.com\/en\/?lang=en"},{"@type":"ListItem","position":2,"name":"e-Shop","item":"https:\/\/www.lofficinabici.com\/shop\/?lang=en"},{"@type":"ListItem","position":3,"name":"MASSI PRO SL RC ELITE 1X12"}]},{"@type":"WebSite","@id":"https:\/\/www.lofficinabici.com\/en\/#website","url":"https:\/\/www.lofficinabici.com\/en\/","name":"L\u2019OFFICINA bici da corsa","description":"v\u00e9los de course","publisher":{"@id":"https:\/\/www.lofficinabici.com\/en\/#organization"},"potentialAction":[{"@type":"SearchAction","target":{"@type":"EntryPoint","urlTemplate":"https:\/\/www.lofficinabici.com\/en\/?s={search_term_string}"},"query-input":{"@type":"PropertyValueSpecification","valueRequired":true,"valueName":"search_term_string"}}],"inLanguage":"en-US"},{"@type":"Organization","@id":"https:\/\/www.lofficinabici.com\/en\/#organization","name":"L'officina bici","url":"https:\/\/www.lofficinabici.com\/en\/","logo":{"@type":"ImageObject","inLanguage":"en-US","@id":"https:\/\/www.lofficinabici.com\/en\/#\/schema\/logo\/image\/","url":"https:\/\/www.lofficinabici.com\/wp-content\/uploads\/2022\/01\/cropped-LOFFICINA-1.png","contentUrl":"https:\/\/www.lofficinabici.com\/wp-content\/uploads\/2022\/01\/cropped-LOFFICINA-1.png","width":400,"height":225,"caption":"L'officina bici"},"image":{"@id":"https:\/\/www.lofficinabici.com\/en\/#\/schema\/logo\/image\/"},"sameAs":["https:\/\/www.facebook.com\/lofficinabici\/","https:\/\/www.instagram.com\/lofficinabicidacorsa\/"]}]}},"_links":{"self":[{"href":"https:\/\/www.lofficinabici.com\/en\/wp-json\/wp\/v2\/product\/9074","targetHints":{"allow":["GET"]}}],"collection":[{"href":"https:\/\/www.lofficinabici.com\/en\/wp-json\/wp\/v2\/product"}],"about":[{"href":"https:\/\/www.lofficinabici.com\/en\/wp-json\/wp\/v2\/types\/product"}],"replies":[{"embeddable":true,"href":"https:\/\/www.lofficinabici.com\/en\/wp-json\/wp\/v2\/comments?post=9074"}],"wp:featuredmedia":[{"embeddable":true,"href":"https:\/\/www.lofficinabici.com\/en\/wp-json\/wp\/v2\/media\/9076"}],"wp:attachment":[{"href":"https:\/\/www.lofficinabici.com\/en\/wp-json\/wp\/v2\/media?parent=9074"}],"wp:term":[{"taxonomy":"product_brand","embeddable":true,"href":"https:\/\/www.lofficinabici.com\/en\/wp-json\/wp\/v2\/product_brand?post=9074"},{"taxonomy":"product_cat","embeddable":true,"href":"https:\/\/www.lofficinabici.com\/en\/wp-json\/wp\/v2\/product_cat?post=9074"},{"taxonomy":"product_tag","embeddable":true,"href":"https:\/\/www.lofficinabici.com\/en\/wp-json\/wp\/v2\/product_tag?post=9074"}],"curies":[{"name":"wp","href":"https:\/\/api.w.org\/{rel}","templated":true}]}}