{"id":546,"date":"2020-03-16T09:43:06","date_gmt":"2020-03-16T09:43:06","guid":{"rendered":"http:\/\/www.lofficinabici.com\/?post_type=product&#038;p=546"},"modified":"2020-06-22T21:54:54","modified_gmt":"2020-06-22T20:54:54","slug":"livre-sommets-mythiques","status":"publish","type":"product","link":"https:\/\/www.lofficinabici.com\/en\/produit\/livre-sommets-mythiques\/","title":{"rendered":"Livre Sommets mythiques"},"content":{"rendered":"","protected":false},"excerpt":{"rendered":"<p>Sommets mythiques est l\u2019hommage le plus complet et le plus r\u00e9cent rendu aux cols sacr\u00e9s du cyclisme. Cinquante ascensions l\u00e9gendaires d\u2019Europe ont \u00e9t\u00e9 ici s\u00e9lectionn\u00e9es, merveilles de la nature et sc\u00e8nes de bravoure physique.<\/p>\n<p>Accompagn\u00e9s de cartes, de profils d\u00e9taill\u00e9s et de conseils pratiques, les textes de Daniel Friebe d\u00e9crivent les panoramas majestueux et racontent les actes h\u00e9ro\u00efques des grands coureurs, ainsi que de nombreuses anecdotes. Pris sp\u00e9cialement pour l\u2019occasion par le photographe Pete Goding, 250 clich\u00e9s font de cet ouvrage un diaporama unique et spectaculaire des plus grandes routes de montagne d\u2019Europe.<\/p>\n<p>Destin\u00e9 aux passionn\u00e9s qui suivent le Tour de France devant leur t\u00e9l\u00e9vision comme aux cyclistes de tous niveaux qui r\u00eavent de conqu\u00e9rir un jour l\u2019un de ces cols mythiques, cet ouvrage vous invite \u00e0 (re)d\u00e9couvrir les ascensions embl\u00e9matiques du cyclisme europ\u00e9en.<\/p>\n","protected":false},"featured_media":547,"comment_status":"open","ping_status":"closed","template":"","meta":{"om_disable_all_campaigns":false,"_monsterinsights_skip_tracking":false,"_monsterinsights_sitenote_active":false,"_monsterinsights_sitenote_note":"","_monsterinsights_sitenote_category":0,"ocean_post_layout":"","ocean_both_sidebars_style":"","ocean_both_sidebars_content_width":0,"ocean_both_sidebars_sidebars_width":0,"ocean_sidebar":"0","ocean_second_sidebar":"0","ocean_disable_margins":"enable","ocean_add_body_class":"","ocean_shortcode_before_top_bar":"","ocean_shortcode_after_top_bar":"","ocean_shortcode_before_header":"","ocean_shortcode_after_header":"","ocean_has_shortcode":"","ocean_shortcode_after_title":"","ocean_shortcode_before_footer_widgets":"","ocean_shortcode_after_footer_widgets":"","ocean_shortcode_before_footer_bottom":"","ocean_shortcode_after_footer_bottom":"","ocean_display_top_bar":"default","ocean_display_header":"default","ocean_header_style":"","ocean_center_header_left_menu":"0","ocean_custom_header_template":"0","ocean_custom_logo":0,"ocean_custom_retina_logo":0,"ocean_custom_logo_max_width":0,"ocean_custom_logo_tablet_max_width":0,"ocean_custom_logo_mobile_max_width":0,"ocean_custom_logo_max_height":0,"ocean_custom_logo_tablet_max_height":0,"ocean_custom_logo_mobile_max_height":0,"ocean_header_custom_menu":"0","ocean_menu_typo_font_family":"0","ocean_menu_typo_font_subset":"","ocean_menu_typo_font_size":0,"ocean_menu_typo_font_size_tablet":0,"ocean_menu_typo_font_size_mobile":0,"ocean_menu_typo_font_size_unit":"px","ocean_menu_typo_font_weight":"","ocean_menu_typo_font_weight_tablet":"","ocean_menu_typo_font_weight_mobile":"","ocean_menu_typo_transform":"","ocean_menu_typo_transform_tablet":"","ocean_menu_typo_transform_mobile":"","ocean_menu_typo_line_height":0,"ocean_menu_typo_line_height_tablet":0,"ocean_menu_typo_line_height_mobile":0,"ocean_menu_typo_line_height_unit":"","ocean_menu_typo_spacing":0,"ocean_menu_typo_spacing_tablet":0,"ocean_menu_typo_spacing_mobile":0,"ocean_menu_typo_spacing_unit":"","ocean_menu_link_color":"","ocean_menu_link_color_hover":"","ocean_menu_link_color_active":"","ocean_menu_link_background":"","ocean_menu_link_hover_background":"","ocean_menu_link_active_background":"","ocean_menu_social_links_bg":"","ocean_menu_social_hover_links_bg":"","ocean_menu_social_links_color":"","ocean_menu_social_hover_links_color":"","ocean_disable_title":"default","ocean_disable_heading":"default","ocean_post_title":"","ocean_post_subheading":"","ocean_post_title_style":"","ocean_post_title_background_color":"","ocean_post_title_background":0,"ocean_post_title_bg_image_position":"","ocean_post_title_bg_image_attachment":"","ocean_post_title_bg_image_repeat":"","ocean_post_title_bg_image_size":"","ocean_post_title_height":0,"ocean_post_title_bg_overlay":0.5,"ocean_post_title_bg_overlay_color":"","ocean_disable_breadcrumbs":"default","ocean_breadcrumbs_color":"","ocean_breadcrumbs_separator_color":"","ocean_breadcrumbs_links_color":"","ocean_breadcrumbs_links_hover_color":"","ocean_display_footer_widgets":"default","ocean_display_footer_bottom":"default","ocean_custom_footer_template":"0"},"product_brand":[],"product_cat":[43],"product_tag":[],"class_list":{"0":"post-546","1":"product","2":"type-product","3":"status-publish","4":"has-post-thumbnail","6":"product_cat-livres-velo","8":"entry","9":"has-media","11":"first","12":"outofstock","13":"taxable","14":"shipping-taxable","15":"purchasable","16":"product-type-simple","17":"has-product-nav","18":"col","19":"span_1_of_3","20":"owp-content-center","21":"owp-thumbs-layout-horizontal","22":"owp-btn-normal","23":"owp-tabs-layout-horizontal","24":"has-no-thumbnails"},"yoast_head":"<!-- This site is optimized with the Yoast SEO plugin v27.5 - https:\/\/yoast.com\/product\/yoast-seo-wordpress\/ -->\n<title>Livre Sommets mythiques - L\u2019OFFICINA bici da corsa<\/title>\n<meta name=\"robots\" content=\"index, follow, max-snippet:-1, max-image-preview:large, max-video-preview:-1\" \/>\n<link rel=\"canonical\" href=\"https:\/\/www.lofficinabici.com\/en\/produit\/livre-sommets-mythiques\/\" \/>\n<meta property=\"og:locale\" content=\"en_US\" \/>\n<meta property=\"og:type\" content=\"article\" \/>\n<meta property=\"og:title\" content=\"Livre Sommets mythiques - L\u2019OFFICINA bici da corsa\" \/>\n<meta property=\"og:description\" content=\"Sommets mythiques est l\u2019hommage le plus complet et le plus r\u00e9cent rendu aux cols sacr\u00e9s du cyclisme. Cinquante ascensions l\u00e9gendaires d\u2019Europe ont \u00e9t\u00e9 ici s\u00e9lectionn\u00e9es, merveilles de la nature et sc\u00e8nes de bravoure physique.  Accompagn\u00e9s de cartes, de profils d\u00e9taill\u00e9s et de conseils pratiques, les textes de Daniel Friebe d\u00e9crivent les panoramas majestueux et racontent les actes h\u00e9ro\u00efques des grands coureurs, ainsi que de nombreuses anecdotes. Pris sp\u00e9cialement pour l\u2019occasion par le photographe Pete Goding, 250 clich\u00e9s font de cet ouvrage un diaporama unique et spectaculaire des plus grandes routes de montagne d\u2019Europe.  Destin\u00e9 aux passionn\u00e9s qui suivent le Tour de France devant leur t\u00e9l\u00e9vision comme aux cyclistes de tous niveaux qui r\u00eavent de conqu\u00e9rir un jour l\u2019un de ces cols mythiques, cet ouvrage vous invite \u00e0 (re)d\u00e9couvrir les ascensions embl\u00e9matiques du cyclisme europ\u00e9en.\" \/>\n<meta property=\"og:url\" content=\"https:\/\/www.lofficinabici.com\/en\/produit\/livre-sommets-mythiques\/\" \/>\n<meta property=\"og:site_name\" content=\"L\u2019OFFICINA bici da corsa\" \/>\n<meta property=\"article:publisher\" content=\"https:\/\/www.facebook.com\/lofficinabici\/\" \/>\n<meta property=\"article:modified_time\" content=\"2020-06-22T20:54:54+00:00\" \/>\n<meta property=\"og:image\" content=\"https:\/\/www.lofficinabici.com\/wp-content\/uploads\/2020\/03\/Sommets-mythiques-cyclisme-les-50-cols-incontournables-d-Europe.jpg\" \/>\n\t<meta property=\"og:image:width\" content=\"400\" \/>\n\t<meta property=\"og:image:height\" content=\"469\" \/>\n\t<meta property=\"og:image:type\" content=\"image\/jpeg\" \/>\n<meta name=\"twitter:card\" content=\"summary_large_image\" \/>\n<script type=\"application\/ld+json\" class=\"yoast-schema-graph\">{\"@context\":\"https:\\\/\\\/schema.org\",\"@graph\":[{\"@type\":\"WebPage\",\"@id\":\"https:\\\/\\\/www.lofficinabici.com\\\/en\\\/produit\\\/livre-sommets-mythiques\\\/\",\"url\":\"https:\\\/\\\/www.lofficinabici.com\\\/en\\\/produit\\\/livre-sommets-mythiques\\\/\",\"name\":\"Livre Sommets mythiques - L\u2019OFFICINA bici da corsa\",\"isPartOf\":{\"@id\":\"https:\\\/\\\/www.lofficinabici.com\\\/en\\\/#website\"},\"primaryImageOfPage\":{\"@id\":\"https:\\\/\\\/www.lofficinabici.com\\\/en\\\/produit\\\/livre-sommets-mythiques\\\/#primaryimage\"},\"image\":{\"@id\":\"https:\\\/\\\/www.lofficinabici.com\\\/en\\\/produit\\\/livre-sommets-mythiques\\\/#primaryimage\"},\"thumbnailUrl\":\"https:\\\/\\\/www.lofficinabici.com\\\/wp-content\\\/uploads\\\/2020\\\/03\\\/Sommets-mythiques-cyclisme-les-50-cols-incontournables-d-Europe.jpg\",\"datePublished\":\"2020-03-16T09:43:06+00:00\",\"dateModified\":\"2020-06-22T20:54:54+00:00\",\"breadcrumb\":{\"@id\":\"https:\\\/\\\/www.lofficinabici.com\\\/en\\\/produit\\\/livre-sommets-mythiques\\\/#breadcrumb\"},\"inLanguage\":\"en-US\",\"potentialAction\":[{\"@type\":\"ReadAction\",\"target\":[\"https:\\\/\\\/www.lofficinabici.com\\\/en\\\/produit\\\/livre-sommets-mythiques\\\/\"]}]},{\"@type\":\"ImageObject\",\"inLanguage\":\"en-US\",\"@id\":\"https:\\\/\\\/www.lofficinabici.com\\\/en\\\/produit\\\/livre-sommets-mythiques\\\/#primaryimage\",\"url\":\"https:\\\/\\\/www.lofficinabici.com\\\/wp-content\\\/uploads\\\/2020\\\/03\\\/Sommets-mythiques-cyclisme-les-50-cols-incontournables-d-Europe.jpg\",\"contentUrl\":\"https:\\\/\\\/www.lofficinabici.com\\\/wp-content\\\/uploads\\\/2020\\\/03\\\/Sommets-mythiques-cyclisme-les-50-cols-incontournables-d-Europe.jpg\",\"width\":400,\"height\":469},{\"@type\":\"BreadcrumbList\",\"@id\":\"https:\\\/\\\/www.lofficinabici.com\\\/en\\\/produit\\\/livre-sommets-mythiques\\\/#breadcrumb\",\"itemListElement\":[{\"@type\":\"ListItem\",\"position\":1,\"name\":\"Accueil\",\"item\":\"https:\\\/\\\/www.lofficinabici.com\\\/en\\\/?lang=en\"},{\"@type\":\"ListItem\",\"position\":2,\"name\":\"e-Shop\",\"item\":\"https:\\\/\\\/www.lofficinabici.com\\\/shop\\\/?lang=en\"},{\"@type\":\"ListItem\",\"position\":3,\"name\":\"Livre Sommets mythiques\"}]},{\"@type\":\"WebSite\",\"@id\":\"https:\\\/\\\/www.lofficinabici.com\\\/en\\\/#website\",\"url\":\"https:\\\/\\\/www.lofficinabici.com\\\/en\\\/\",\"name\":\"L\u2019OFFICINA bici da corsa\",\"description\":\"v\u00e9los de course\",\"publisher\":{\"@id\":\"https:\\\/\\\/www.lofficinabici.com\\\/en\\\/#organization\"},\"potentialAction\":[{\"@type\":\"SearchAction\",\"target\":{\"@type\":\"EntryPoint\",\"urlTemplate\":\"https:\\\/\\\/www.lofficinabici.com\\\/en\\\/?s={search_term_string}\"},\"query-input\":{\"@type\":\"PropertyValueSpecification\",\"valueRequired\":true,\"valueName\":\"search_term_string\"}}],\"inLanguage\":\"en-US\"},{\"@type\":\"Organization\",\"@id\":\"https:\\\/\\\/www.lofficinabici.com\\\/en\\\/#organization\",\"name\":\"L'officina bici\",\"url\":\"https:\\\/\\\/www.lofficinabici.com\\\/en\\\/\",\"logo\":{\"@type\":\"ImageObject\",\"inLanguage\":\"en-US\",\"@id\":\"https:\\\/\\\/www.lofficinabici.com\\\/en\\\/#\\\/schema\\\/logo\\\/image\\\/\",\"url\":\"https:\\\/\\\/www.lofficinabici.com\\\/wp-content\\\/uploads\\\/2022\\\/01\\\/cropped-LOFFICINA-1.png\",\"contentUrl\":\"https:\\\/\\\/www.lofficinabici.com\\\/wp-content\\\/uploads\\\/2022\\\/01\\\/cropped-LOFFICINA-1.png\",\"width\":400,\"height\":225,\"caption\":\"L'officina bici\"},\"image\":{\"@id\":\"https:\\\/\\\/www.lofficinabici.com\\\/en\\\/#\\\/schema\\\/logo\\\/image\\\/\"},\"sameAs\":[\"https:\\\/\\\/www.facebook.com\\\/lofficinabici\\\/\",\"https:\\\/\\\/www.instagram.com\\\/lofficinabicidacorsa\\\/\"]}]}<\/script>\n<!-- \/ Yoast SEO plugin. -->","yoast_head_json":{"title":"Livre Sommets mythiques - L\u2019OFFICINA bici da corsa","robots":{"index":"index","follow":"follow","max-snippet":"max-snippet:-1","max-image-preview":"max-image-preview:large","max-video-preview":"max-video-preview:-1"},"canonical":"https:\/\/www.lofficinabici.com\/en\/produit\/livre-sommets-mythiques\/","og_locale":"en_US","og_type":"article","og_title":"Livre Sommets mythiques - L\u2019OFFICINA bici da corsa","og_description":"Sommets mythiques est l\u2019hommage le plus complet et le plus r\u00e9cent rendu aux cols sacr\u00e9s du cyclisme. Cinquante ascensions l\u00e9gendaires d\u2019Europe ont \u00e9t\u00e9 ici s\u00e9lectionn\u00e9es, merveilles de la nature et sc\u00e8nes de bravoure physique.  Accompagn\u00e9s de cartes, de profils d\u00e9taill\u00e9s et de conseils pratiques, les textes de Daniel Friebe d\u00e9crivent les panoramas majestueux et racontent les actes h\u00e9ro\u00efques des grands coureurs, ainsi que de nombreuses anecdotes. Pris sp\u00e9cialement pour l\u2019occasion par le photographe Pete Goding, 250 clich\u00e9s font de cet ouvrage un diaporama unique et spectaculaire des plus grandes routes de montagne d\u2019Europe.  Destin\u00e9 aux passionn\u00e9s qui suivent le Tour de France devant leur t\u00e9l\u00e9vision comme aux cyclistes de tous niveaux qui r\u00eavent de conqu\u00e9rir un jour l\u2019un de ces cols mythiques, cet ouvrage vous invite \u00e0 (re)d\u00e9couvrir les ascensions embl\u00e9matiques du cyclisme europ\u00e9en.","og_url":"https:\/\/www.lofficinabici.com\/en\/produit\/livre-sommets-mythiques\/","og_site_name":"L\u2019OFFICINA bici da corsa","article_publisher":"https:\/\/www.facebook.com\/lofficinabici\/","article_modified_time":"2020-06-22T20:54:54+00:00","og_image":[{"width":400,"height":469,"url":"https:\/\/www.lofficinabici.com\/wp-content\/uploads\/2020\/03\/Sommets-mythiques-cyclisme-les-50-cols-incontournables-d-Europe.jpg","type":"image\/jpeg"}],"twitter_card":"summary_large_image","schema":{"@context":"https:\/\/schema.org","@graph":[{"@type":"WebPage","@id":"https:\/\/www.lofficinabici.com\/en\/produit\/livre-sommets-mythiques\/","url":"https:\/\/www.lofficinabici.com\/en\/produit\/livre-sommets-mythiques\/","name":"Livre Sommets mythiques - L\u2019OFFICINA bici da corsa","isPartOf":{"@id":"https:\/\/www.lofficinabici.com\/en\/#website"},"primaryImageOfPage":{"@id":"https:\/\/www.lofficinabici.com\/en\/produit\/livre-sommets-mythiques\/#primaryimage"},"image":{"@id":"https:\/\/www.lofficinabici.com\/en\/produit\/livre-sommets-mythiques\/#primaryimage"},"thumbnailUrl":"https:\/\/www.lofficinabici.com\/wp-content\/uploads\/2020\/03\/Sommets-mythiques-cyclisme-les-50-cols-incontournables-d-Europe.jpg","datePublished":"2020-03-16T09:43:06+00:00","dateModified":"2020-06-22T20:54:54+00:00","breadcrumb":{"@id":"https:\/\/www.lofficinabici.com\/en\/produit\/livre-sommets-mythiques\/#breadcrumb"},"inLanguage":"en-US","potentialAction":[{"@type":"ReadAction","target":["https:\/\/www.lofficinabici.com\/en\/produit\/livre-sommets-mythiques\/"]}]},{"@type":"ImageObject","inLanguage":"en-US","@id":"https:\/\/www.lofficinabici.com\/en\/produit\/livre-sommets-mythiques\/#primaryimage","url":"https:\/\/www.lofficinabici.com\/wp-content\/uploads\/2020\/03\/Sommets-mythiques-cyclisme-les-50-cols-incontournables-d-Europe.jpg","contentUrl":"https:\/\/www.lofficinabici.com\/wp-content\/uploads\/2020\/03\/Sommets-mythiques-cyclisme-les-50-cols-incontournables-d-Europe.jpg","width":400,"height":469},{"@type":"BreadcrumbList","@id":"https:\/\/www.lofficinabici.com\/en\/produit\/livre-sommets-mythiques\/#breadcrumb","itemListElement":[{"@type":"ListItem","position":1,"name":"Accueil","item":"https:\/\/www.lofficinabici.com\/en\/?lang=en"},{"@type":"ListItem","position":2,"name":"e-Shop","item":"https:\/\/www.lofficinabici.com\/shop\/?lang=en"},{"@type":"ListItem","position":3,"name":"Livre Sommets mythiques"}]},{"@type":"WebSite","@id":"https:\/\/www.lofficinabici.com\/en\/#website","url":"https:\/\/www.lofficinabici.com\/en\/","name":"L\u2019OFFICINA bici da corsa","description":"v\u00e9los de course","publisher":{"@id":"https:\/\/www.lofficinabici.com\/en\/#organization"},"potentialAction":[{"@type":"SearchAction","target":{"@type":"EntryPoint","urlTemplate":"https:\/\/www.lofficinabici.com\/en\/?s={search_term_string}"},"query-input":{"@type":"PropertyValueSpecification","valueRequired":true,"valueName":"search_term_string"}}],"inLanguage":"en-US"},{"@type":"Organization","@id":"https:\/\/www.lofficinabici.com\/en\/#organization","name":"L'officina bici","url":"https:\/\/www.lofficinabici.com\/en\/","logo":{"@type":"ImageObject","inLanguage":"en-US","@id":"https:\/\/www.lofficinabici.com\/en\/#\/schema\/logo\/image\/","url":"https:\/\/www.lofficinabici.com\/wp-content\/uploads\/2022\/01\/cropped-LOFFICINA-1.png","contentUrl":"https:\/\/www.lofficinabici.com\/wp-content\/uploads\/2022\/01\/cropped-LOFFICINA-1.png","width":400,"height":225,"caption":"L'officina bici"},"image":{"@id":"https:\/\/www.lofficinabici.com\/en\/#\/schema\/logo\/image\/"},"sameAs":["https:\/\/www.facebook.com\/lofficinabici\/","https:\/\/www.instagram.com\/lofficinabicidacorsa\/"]}]}},"_links":{"self":[{"href":"https:\/\/www.lofficinabici.com\/en\/wp-json\/wp\/v2\/product\/546","targetHints":{"allow":["GET"]}}],"collection":[{"href":"https:\/\/www.lofficinabici.com\/en\/wp-json\/wp\/v2\/product"}],"about":[{"href":"https:\/\/www.lofficinabici.com\/en\/wp-json\/wp\/v2\/types\/product"}],"replies":[{"embeddable":true,"href":"https:\/\/www.lofficinabici.com\/en\/wp-json\/wp\/v2\/comments?post=546"}],"wp:featuredmedia":[{"embeddable":true,"href":"https:\/\/www.lofficinabici.com\/en\/wp-json\/wp\/v2\/media\/547"}],"wp:attachment":[{"href":"https:\/\/www.lofficinabici.com\/en\/wp-json\/wp\/v2\/media?parent=546"}],"wp:term":[{"taxonomy":"product_brand","embeddable":true,"href":"https:\/\/www.lofficinabici.com\/en\/wp-json\/wp\/v2\/product_brand?post=546"},{"taxonomy":"product_cat","embeddable":true,"href":"https:\/\/www.lofficinabici.com\/en\/wp-json\/wp\/v2\/product_cat?post=546"},{"taxonomy":"product_tag","embeddable":true,"href":"https:\/\/www.lofficinabici.com\/en\/wp-json\/wp\/v2\/product_tag?post=546"}],"curies":[{"name":"wp","href":"https:\/\/api.w.org\/{rel}","templated":true}]}}