{"id":49197,"date":"2024-09-23T14:23:06","date_gmt":"2024-09-23T13:23:06","guid":{"rendered":"https:\/\/www.lofficinabici.com\/?post_type=product&#038;p=49197"},"modified":"2024-09-23T14:23:06","modified_gmt":"2024-09-23T13:23:06","slug":"garmin-edge-1050","status":"publish","type":"product","link":"https:\/\/www.lofficinabici.com\/en\/produit\/garmin-edge-1050\/","title":{"rendered":"GARMIN Edge 1050"},"content":{"rendered":"<h1>GARMIN <a href=\"https:\/\/www.garmin.com\/fr-FR\/p\/1196129#specs\">Edge<\/a> 1050<\/h1>\n<h2>AM\u00c9LIOREZ CHACUNE DE VOS SORTIES AVEC UN COMPTEUR DE V\u00c9LO EDGE 1050<\/h2>\n<div class=\"app__overview__intro__description\">\n<p>Que vous rouliez en groupe le samedi ou en solo, am\u00e9liorez chaque sortie avec le compteur de v\u00e9lo haut de gamme Edge 1050 et ses performances incroyables, ses d\u00e9fis et son coaching personnalis\u00e9 gratuit.<\/p>\n<\/div>\n<h3>\u00c9CRAN COULEUR \u00c9CLATANT<\/h3>\n<p class=\"app__feature__card__description app__feature__card__description--left\">Consultez vos statistiques et vos cartes dans les moindres d\u00e9tails gr\u00e2ce \u00e0 un \u00e9cran tactile aux couleurs lumineuses et de nouvelles fa\u00e7ons d&#8217;afficher les donn\u00e9es.<\/p>\n<div class=\"app__feature__card\" data-translate=\"\"><\/div>\n<div class=\"app__feature__card\" data-translate=\"\"><\/div>\n<div class=\"app__feature__card\" data-translate=\"\"><\/div>\n<div class=\"app__feature__card\" data-translate=\"\">\n<h3>UNE BATTERIE PR\u00caTE \u00c0 ROULER<\/h3>\n<p class=\"app__feature__card__description app__feature__card__description--left\">Dans des conditions d&#8217;utilisation exigeantes, obtenez jusqu&#8217;\u00e0 20\u00a0heures ou jusqu&#8217;\u00e0 60\u00a0heures en mode \u00e9conomie d&#8217;\u00e9nergie.<\/p>\n<\/div>\n<div class=\"app__feature__card\" data-translate=\"\">\n<h3>ALERTES DE DANGERS<\/h3>\n<p class=\"app__feature__card__description app__feature__card__description--left\">Recevez des alertes indiquant les dangers sur la route signal\u00e9s par d&#8217;autres cyclistes et apportez vos propres modifications<sup>1<\/sup>.<\/p>\n<div class=\"app__feature__card\" data-translate=\"\">\n<h3>GROUPRIDE<\/h3>\n<p class=\"app__feature__card__description app__feature__card__description--left\">Restez connect\u00e9 lors de vos sorties en groupe (GroupRide) gr\u00e2ce \u00e0 la messagerie int\u00e9gr\u00e9e, aux positions en temps r\u00e9el et aux alertes de d\u00e9tection d&#8217;incident. Ajoutez \u00e9galement du plaisir et du challenge avec les classements en temps r\u00e9el pour les mont\u00e9es et les r\u00e9compenses d&#8217;apr\u00e8s course.<\/p>\n<\/div>\n<div class=\"app__feature__card\" data-translate=\"\">\n<h3>GARMIN COACH<\/h3>\n<p class=\"app__feature__card__description app__feature__card__description--left\">Entra\u00eenez-vous pour un \u00e9v\u00e9nement, atteignez un objectif ou am\u00e9liorez votre forme physique avec les\u00a0<a href=\"https:\/\/connect.garmin.com\/features\/coach\/\">programmes d&#8217;entra\u00eenement Garmin Coach.<\/a><\/p>\n<\/div>\n<div class=\"app__feature__card\" data-translate=\"\">\n<h3>HAUT-PARLEUR INT\u00c9GR\u00c9<\/h3>\n<p class=\"app__feature__card__description app__feature__card__description--left\">\u00c9coutez les instructions vocales d&#8217;entra\u00eenement et de navigation, et alertez les cyclistes et les pi\u00e9tons devant vous gr\u00e2ce \u00e0 une puissante sonnette int\u00e9gr\u00e9e \u00e0 l&#8217;appareil.<\/p>\n<\/div>\n<\/div>\n<p>&nbsp;<\/p>\n<h2>Caract\u00e9ristiques g\u00e9n\u00e9rales GARMIN Edge 1050<\/h2>\n<p><img fetchpriority=\"high\" decoding=\"async\" class=\"alignnone size-full wp-image-49198\" src=\"https:\/\/www.lofficinabici.com\/wp-content\/uploads\/2024\/09\/edga-1050-garmin-tableau.jpg\" alt=\"garmin edge 1050\" width=\"747\" height=\"761\" srcset=\"https:\/\/www.lofficinabici.com\/wp-content\/uploads\/2024\/09\/edga-1050-garmin-tableau.jpg 747w, https:\/\/www.lofficinabici.com\/wp-content\/uploads\/2024\/09\/edga-1050-garmin-tableau-294x300.jpg 294w, https:\/\/www.lofficinabici.com\/wp-content\/uploads\/2024\/09\/edga-1050-garmin-tableau-600x611.jpg 600w\" sizes=\"(max-width: 747px) 100vw, 747px\" \/><\/p>\n<p>Disponible \u00e0<a href=\"https:\/\/www.lofficinabici.com\/\"> l&#8217;Officina<\/a> \u00e0 Pernes les Fontaines.<\/p>\n","protected":false},"excerpt":{"rendered":"<p>GARMIN Edge 1050 AM\u00c9LIOREZ CHACUNE DE VOS SORTIES AVEC UN COMPTEUR DE V\u00c9LO EDGE 1050 Que vous rouliez en groupe le samedi ou en solo, am\u00e9liorez chaque sortie avec le compteur de v\u00e9lo haut de gamme Edge 1050 et ses performances incroyables, ses d\u00e9fis et son coaching personnalis\u00e9 gratuit. \u00c9CRAN COULEUR \u00c9CLATANT Consultez vos statistiques [&hellip;]<\/p>\n","protected":false},"featured_media":49206,"comment_status":"closed","ping_status":"closed","template":"","meta":{"om_disable_all_campaigns":false,"_monsterinsights_skip_tracking":false,"_monsterinsights_sitenote_active":false,"_monsterinsights_sitenote_note":"","_monsterinsights_sitenote_category":0,"ocean_post_layout":"","ocean_both_sidebars_style":"","ocean_both_sidebars_content_width":0,"ocean_both_sidebars_sidebars_width":0,"ocean_sidebar":"0","ocean_second_sidebar":"0","ocean_disable_margins":"enable","ocean_add_body_class":"","ocean_shortcode_before_top_bar":"","ocean_shortcode_after_top_bar":"","ocean_shortcode_before_header":"","ocean_shortcode_after_header":"","ocean_has_shortcode":"","ocean_shortcode_after_title":"","ocean_shortcode_before_footer_widgets":"","ocean_shortcode_after_footer_widgets":"","ocean_shortcode_before_footer_bottom":"","ocean_shortcode_after_footer_bottom":"","ocean_display_top_bar":"default","ocean_display_header":"default","ocean_header_style":"","ocean_center_header_left_menu":"0","ocean_custom_header_template":"0","ocean_custom_logo":0,"ocean_custom_retina_logo":0,"ocean_custom_logo_max_width":0,"ocean_custom_logo_tablet_max_width":0,"ocean_custom_logo_mobile_max_width":0,"ocean_custom_logo_max_height":0,"ocean_custom_logo_tablet_max_height":0,"ocean_custom_logo_mobile_max_height":0,"ocean_header_custom_menu":"0","ocean_menu_typo_font_family":"0","ocean_menu_typo_font_subset":"","ocean_menu_typo_font_size":0,"ocean_menu_typo_font_size_tablet":0,"ocean_menu_typo_font_size_mobile":0,"ocean_menu_typo_font_size_unit":"px","ocean_menu_typo_font_weight":"","ocean_menu_typo_font_weight_tablet":"","ocean_menu_typo_font_weight_mobile":"","ocean_menu_typo_transform":"","ocean_menu_typo_transform_tablet":"","ocean_menu_typo_transform_mobile":"","ocean_menu_typo_line_height":0,"ocean_menu_typo_line_height_tablet":0,"ocean_menu_typo_line_height_mobile":0,"ocean_menu_typo_line_height_unit":"","ocean_menu_typo_spacing":0,"ocean_menu_typo_spacing_tablet":0,"ocean_menu_typo_spacing_mobile":0,"ocean_menu_typo_spacing_unit":"","ocean_menu_link_color":"","ocean_menu_link_color_hover":"","ocean_menu_link_color_active":"","ocean_menu_link_background":"","ocean_menu_link_hover_background":"","ocean_menu_link_active_background":"","ocean_menu_social_links_bg":"","ocean_menu_social_hover_links_bg":"","ocean_menu_social_links_color":"","ocean_menu_social_hover_links_color":"","ocean_disable_title":"default","ocean_disable_heading":"default","ocean_post_title":"","ocean_post_subheading":"","ocean_post_title_style":"","ocean_post_title_background_color":"","ocean_post_title_background":0,"ocean_post_title_bg_image_position":"","ocean_post_title_bg_image_attachment":"","ocean_post_title_bg_image_repeat":"","ocean_post_title_bg_image_size":"","ocean_post_title_height":0,"ocean_post_title_bg_overlay":0.5,"ocean_post_title_bg_overlay_color":"","ocean_disable_breadcrumbs":"default","ocean_breadcrumbs_color":"","ocean_breadcrumbs_separator_color":"","ocean_breadcrumbs_links_color":"","ocean_breadcrumbs_links_hover_color":"","ocean_display_footer_widgets":"default","ocean_display_footer_bottom":"default","ocean_custom_footer_template":"0"},"product_brand":[],"product_cat":[1246,21],"product_tag":[],"class_list":{"0":"post-49197","1":"product","2":"type-product","3":"status-publish","4":"has-post-thumbnail","6":"product_cat-gps","7":"product_cat-habillement-accessoires-velo","9":"entry","10":"has-media","12":"first","13":"instock","14":"sale","15":"taxable","16":"shipping-taxable","17":"purchasable","18":"product-type-simple","19":"has-product-nav","20":"col","21":"span_1_of_3","22":"owp-content-center","23":"owp-thumbs-layout-horizontal","24":"owp-btn-normal","25":"owp-tabs-layout-horizontal"},"yoast_head":"<!-- This site is optimized with the Yoast SEO plugin v27.5 - https:\/\/yoast.com\/product\/yoast-seo-wordpress\/ -->\n<title>GARMIN Edge 1050 - L\u2019OFFICINA bici da corsa<\/title>\n<meta name=\"description\" content=\"GARMIN Edge 1050 disponible \u00e0 l&#039;Officina Pernes les Fontaines, Colnago, Pinarello, Wilier, Basso, Cinelli, montage \u00e0 la carte\" \/>\n<meta name=\"robots\" content=\"index, follow, max-snippet:-1, max-image-preview:large, max-video-preview:-1\" \/>\n<link rel=\"canonical\" href=\"https:\/\/www.lofficinabici.com\/en\/produit\/garmin-edge-1050\/\" \/>\n<meta property=\"og:locale\" content=\"en_US\" \/>\n<meta property=\"og:type\" content=\"article\" \/>\n<meta property=\"og:title\" content=\"GARMIN Edge 1050 - L\u2019OFFICINA bici da corsa\" \/>\n<meta property=\"og:description\" content=\"GARMIN Edge 1050 disponible \u00e0 l&#039;Officina Pernes les Fontaines, Colnago, Pinarello, Wilier, Basso, Cinelli, montage \u00e0 la carte\" \/>\n<meta property=\"og:url\" content=\"https:\/\/www.lofficinabici.com\/en\/produit\/garmin-edge-1050\/\" \/>\n<meta property=\"og:site_name\" content=\"L\u2019OFFICINA bici da corsa\" \/>\n<meta property=\"article:publisher\" content=\"https:\/\/www.facebook.com\/lofficinabici\/\" \/>\n<meta property=\"og:image\" content=\"https:\/\/www.lofficinabici.com\/wp-content\/uploads\/2024\/09\/garmin-edge-1050.jpg\" \/>\n\t<meta property=\"og:image:width\" content=\"793\" \/>\n\t<meta property=\"og:image:height\" content=\"791\" \/>\n\t<meta property=\"og:image:type\" content=\"image\/jpeg\" \/>\n<meta name=\"twitter:card\" content=\"summary_large_image\" \/>\n<meta name=\"twitter:label1\" content=\"Est. reading time\" \/>\n\t<meta name=\"twitter:data1\" content=\"2 minutes\" \/>\n<script type=\"application\/ld+json\" class=\"yoast-schema-graph\">{\"@context\":\"https:\\\/\\\/schema.org\",\"@graph\":[{\"@type\":\"WebPage\",\"@id\":\"https:\\\/\\\/www.lofficinabici.com\\\/en\\\/produit\\\/garmin-edge-1050\\\/\",\"url\":\"https:\\\/\\\/www.lofficinabici.com\\\/en\\\/produit\\\/garmin-edge-1050\\\/\",\"name\":\"GARMIN Edge 1050 - L\u2019OFFICINA bici da corsa\",\"isPartOf\":{\"@id\":\"https:\\\/\\\/www.lofficinabici.com\\\/en\\\/#website\"},\"primaryImageOfPage\":{\"@id\":\"https:\\\/\\\/www.lofficinabici.com\\\/en\\\/produit\\\/garmin-edge-1050\\\/#primaryimage\"},\"image\":{\"@id\":\"https:\\\/\\\/www.lofficinabici.com\\\/en\\\/produit\\\/garmin-edge-1050\\\/#primaryimage\"},\"thumbnailUrl\":\"https:\\\/\\\/www.lofficinabici.com\\\/wp-content\\\/uploads\\\/2024\\\/09\\\/garmin-edge-1050.jpg\",\"datePublished\":\"2024-09-23T13:23:06+00:00\",\"description\":\"GARMIN Edge 1050 disponible \u00e0 l'Officina Pernes les Fontaines, Colnago, Pinarello, Wilier, Basso, Cinelli, montage \u00e0 la carte\",\"breadcrumb\":{\"@id\":\"https:\\\/\\\/www.lofficinabici.com\\\/en\\\/produit\\\/garmin-edge-1050\\\/#breadcrumb\"},\"inLanguage\":\"en-US\",\"potentialAction\":[{\"@type\":\"ReadAction\",\"target\":[\"https:\\\/\\\/www.lofficinabici.com\\\/en\\\/produit\\\/garmin-edge-1050\\\/\"]}]},{\"@type\":\"ImageObject\",\"inLanguage\":\"en-US\",\"@id\":\"https:\\\/\\\/www.lofficinabici.com\\\/en\\\/produit\\\/garmin-edge-1050\\\/#primaryimage\",\"url\":\"https:\\\/\\\/www.lofficinabici.com\\\/wp-content\\\/uploads\\\/2024\\\/09\\\/garmin-edge-1050.jpg\",\"contentUrl\":\"https:\\\/\\\/www.lofficinabici.com\\\/wp-content\\\/uploads\\\/2024\\\/09\\\/garmin-edge-1050.jpg\",\"width\":793,\"height\":791,\"caption\":\"edga 1050\"},{\"@type\":\"BreadcrumbList\",\"@id\":\"https:\\\/\\\/www.lofficinabici.com\\\/en\\\/produit\\\/garmin-edge-1050\\\/#breadcrumb\",\"itemListElement\":[{\"@type\":\"ListItem\",\"position\":1,\"name\":\"Accueil\",\"item\":\"https:\\\/\\\/www.lofficinabici.com\\\/en\\\/?lang=en\"},{\"@type\":\"ListItem\",\"position\":2,\"name\":\"e-Shop\",\"item\":\"https:\\\/\\\/www.lofficinabici.com\\\/shop\\\/?lang=en\"},{\"@type\":\"ListItem\",\"position\":3,\"name\":\"GARMIN Edge 1050\"}]},{\"@type\":\"WebSite\",\"@id\":\"https:\\\/\\\/www.lofficinabici.com\\\/en\\\/#website\",\"url\":\"https:\\\/\\\/www.lofficinabici.com\\\/en\\\/\",\"name\":\"L\u2019OFFICINA bici da corsa\",\"description\":\"v\u00e9los de course\",\"publisher\":{\"@id\":\"https:\\\/\\\/www.lofficinabici.com\\\/en\\\/#organization\"},\"potentialAction\":[{\"@type\":\"SearchAction\",\"target\":{\"@type\":\"EntryPoint\",\"urlTemplate\":\"https:\\\/\\\/www.lofficinabici.com\\\/en\\\/?s={search_term_string}\"},\"query-input\":{\"@type\":\"PropertyValueSpecification\",\"valueRequired\":true,\"valueName\":\"search_term_string\"}}],\"inLanguage\":\"en-US\"},{\"@type\":\"Organization\",\"@id\":\"https:\\\/\\\/www.lofficinabici.com\\\/en\\\/#organization\",\"name\":\"L'officina bici\",\"url\":\"https:\\\/\\\/www.lofficinabici.com\\\/en\\\/\",\"logo\":{\"@type\":\"ImageObject\",\"inLanguage\":\"en-US\",\"@id\":\"https:\\\/\\\/www.lofficinabici.com\\\/en\\\/#\\\/schema\\\/logo\\\/image\\\/\",\"url\":\"https:\\\/\\\/www.lofficinabici.com\\\/wp-content\\\/uploads\\\/2022\\\/01\\\/cropped-LOFFICINA-1.png\",\"contentUrl\":\"https:\\\/\\\/www.lofficinabici.com\\\/wp-content\\\/uploads\\\/2022\\\/01\\\/cropped-LOFFICINA-1.png\",\"width\":400,\"height\":225,\"caption\":\"L'officina bici\"},\"image\":{\"@id\":\"https:\\\/\\\/www.lofficinabici.com\\\/en\\\/#\\\/schema\\\/logo\\\/image\\\/\"},\"sameAs\":[\"https:\\\/\\\/www.facebook.com\\\/lofficinabici\\\/\",\"https:\\\/\\\/www.instagram.com\\\/lofficinabicidacorsa\\\/\"]}]}<\/script>\n<!-- \/ Yoast SEO plugin. -->","yoast_head_json":{"title":"GARMIN Edge 1050 - L\u2019OFFICINA bici da corsa","description":"GARMIN Edge 1050 disponible \u00e0 l'Officina Pernes les Fontaines, Colnago, Pinarello, Wilier, Basso, Cinelli, montage \u00e0 la carte","robots":{"index":"index","follow":"follow","max-snippet":"max-snippet:-1","max-image-preview":"max-image-preview:large","max-video-preview":"max-video-preview:-1"},"canonical":"https:\/\/www.lofficinabici.com\/en\/produit\/garmin-edge-1050\/","og_locale":"en_US","og_type":"article","og_title":"GARMIN Edge 1050 - L\u2019OFFICINA bici da corsa","og_description":"GARMIN Edge 1050 disponible \u00e0 l'Officina Pernes les Fontaines, Colnago, Pinarello, Wilier, Basso, Cinelli, montage \u00e0 la carte","og_url":"https:\/\/www.lofficinabici.com\/en\/produit\/garmin-edge-1050\/","og_site_name":"L\u2019OFFICINA bici da corsa","article_publisher":"https:\/\/www.facebook.com\/lofficinabici\/","og_image":[{"width":793,"height":791,"url":"https:\/\/www.lofficinabici.com\/wp-content\/uploads\/2024\/09\/garmin-edge-1050.jpg","type":"image\/jpeg"}],"twitter_card":"summary_large_image","twitter_misc":{"Est. reading time":"2 minutes"},"schema":{"@context":"https:\/\/schema.org","@graph":[{"@type":"WebPage","@id":"https:\/\/www.lofficinabici.com\/en\/produit\/garmin-edge-1050\/","url":"https:\/\/www.lofficinabici.com\/en\/produit\/garmin-edge-1050\/","name":"GARMIN Edge 1050 - L\u2019OFFICINA bici da corsa","isPartOf":{"@id":"https:\/\/www.lofficinabici.com\/en\/#website"},"primaryImageOfPage":{"@id":"https:\/\/www.lofficinabici.com\/en\/produit\/garmin-edge-1050\/#primaryimage"},"image":{"@id":"https:\/\/www.lofficinabici.com\/en\/produit\/garmin-edge-1050\/#primaryimage"},"thumbnailUrl":"https:\/\/www.lofficinabici.com\/wp-content\/uploads\/2024\/09\/garmin-edge-1050.jpg","datePublished":"2024-09-23T13:23:06+00:00","description":"GARMIN Edge 1050 disponible \u00e0 l'Officina Pernes les Fontaines, Colnago, Pinarello, Wilier, Basso, Cinelli, montage \u00e0 la carte","breadcrumb":{"@id":"https:\/\/www.lofficinabici.com\/en\/produit\/garmin-edge-1050\/#breadcrumb"},"inLanguage":"en-US","potentialAction":[{"@type":"ReadAction","target":["https:\/\/www.lofficinabici.com\/en\/produit\/garmin-edge-1050\/"]}]},{"@type":"ImageObject","inLanguage":"en-US","@id":"https:\/\/www.lofficinabici.com\/en\/produit\/garmin-edge-1050\/#primaryimage","url":"https:\/\/www.lofficinabici.com\/wp-content\/uploads\/2024\/09\/garmin-edge-1050.jpg","contentUrl":"https:\/\/www.lofficinabici.com\/wp-content\/uploads\/2024\/09\/garmin-edge-1050.jpg","width":793,"height":791,"caption":"edga 1050"},{"@type":"BreadcrumbList","@id":"https:\/\/www.lofficinabici.com\/en\/produit\/garmin-edge-1050\/#breadcrumb","itemListElement":[{"@type":"ListItem","position":1,"name":"Accueil","item":"https:\/\/www.lofficinabici.com\/en\/?lang=en"},{"@type":"ListItem","position":2,"name":"e-Shop","item":"https:\/\/www.lofficinabici.com\/shop\/?lang=en"},{"@type":"ListItem","position":3,"name":"GARMIN Edge 1050"}]},{"@type":"WebSite","@id":"https:\/\/www.lofficinabici.com\/en\/#website","url":"https:\/\/www.lofficinabici.com\/en\/","name":"L\u2019OFFICINA bici da corsa","description":"v\u00e9los de course","publisher":{"@id":"https:\/\/www.lofficinabici.com\/en\/#organization"},"potentialAction":[{"@type":"SearchAction","target":{"@type":"EntryPoint","urlTemplate":"https:\/\/www.lofficinabici.com\/en\/?s={search_term_string}"},"query-input":{"@type":"PropertyValueSpecification","valueRequired":true,"valueName":"search_term_string"}}],"inLanguage":"en-US"},{"@type":"Organization","@id":"https:\/\/www.lofficinabici.com\/en\/#organization","name":"L'officina bici","url":"https:\/\/www.lofficinabici.com\/en\/","logo":{"@type":"ImageObject","inLanguage":"en-US","@id":"https:\/\/www.lofficinabici.com\/en\/#\/schema\/logo\/image\/","url":"https:\/\/www.lofficinabici.com\/wp-content\/uploads\/2022\/01\/cropped-LOFFICINA-1.png","contentUrl":"https:\/\/www.lofficinabici.com\/wp-content\/uploads\/2022\/01\/cropped-LOFFICINA-1.png","width":400,"height":225,"caption":"L'officina bici"},"image":{"@id":"https:\/\/www.lofficinabici.com\/en\/#\/schema\/logo\/image\/"},"sameAs":["https:\/\/www.facebook.com\/lofficinabici\/","https:\/\/www.instagram.com\/lofficinabicidacorsa\/"]}]}},"_links":{"self":[{"href":"https:\/\/www.lofficinabici.com\/en\/wp-json\/wp\/v2\/product\/49197","targetHints":{"allow":["GET"]}}],"collection":[{"href":"https:\/\/www.lofficinabici.com\/en\/wp-json\/wp\/v2\/product"}],"about":[{"href":"https:\/\/www.lofficinabici.com\/en\/wp-json\/wp\/v2\/types\/product"}],"replies":[{"embeddable":true,"href":"https:\/\/www.lofficinabici.com\/en\/wp-json\/wp\/v2\/comments?post=49197"}],"wp:featuredmedia":[{"embeddable":true,"href":"https:\/\/www.lofficinabici.com\/en\/wp-json\/wp\/v2\/media\/49206"}],"wp:attachment":[{"href":"https:\/\/www.lofficinabici.com\/en\/wp-json\/wp\/v2\/media?parent=49197"}],"wp:term":[{"taxonomy":"product_brand","embeddable":true,"href":"https:\/\/www.lofficinabici.com\/en\/wp-json\/wp\/v2\/product_brand?post=49197"},{"taxonomy":"product_cat","embeddable":true,"href":"https:\/\/www.lofficinabici.com\/en\/wp-json\/wp\/v2\/product_cat?post=49197"},{"taxonomy":"product_tag","embeddable":true,"href":"https:\/\/www.lofficinabici.com\/en\/wp-json\/wp\/v2\/product_tag?post=49197"}],"curies":[{"name":"wp","href":"https:\/\/api.w.org\/{rel}","templated":true}]}}