{"id":3767,"date":"2020-11-09T21:11:19","date_gmt":"2020-11-09T20:11:19","guid":{"rendered":"https:\/\/www.lofficinabici.com\/?post_type=product&#038;p=3767"},"modified":"2023-03-07T20:27:56","modified_gmt":"2023-03-07T19:27:56","slug":"cuissard-et-maillot-lofficina","status":"publish","type":"product","link":"https:\/\/www.lofficinabici.com\/en\/produit\/cuissard-et-maillot-lofficina\/","title":{"rendered":"Cuissard et Maillot L&#8217;OFFICINA"},"content":{"rendered":"<p>Notre <a href=\"\/?product_cat=habillement-accessoires-velo\">ensemble cuissard maillot<\/a> santini d\u2019\u00e9t\u00e9 le plus populaire, l\u00e9ger et respirant, <a href=\"https:\/\/www.santinicycling.com\/fr\/cuissard-cyclisme-homme\/tono-puro-cuissard-2269.html#\/1-couleur-ne\/3-taille-xs\">TONO<\/a>, est enfin disponible dans la collection 2021 dans sa version L&#8217;OFFICINA avec une cure de jouvence compl\u00e8te.<\/p>\n<p>Avec des tissus en maille pour vous aider \u00e0 vaincre la chaleur de l\u2019\u00e9t\u00e9 et restylis\u00e9, TONO offre des solutions d\u2019\u00e9lite pour les cyclistes exigeants et soucieux des d\u00e9tails.<\/p>\n<p>Id\u00e9ale pour les jours les plus chauds, cette ligne dispose d\u2019un ajustement s\u00e9r\u00e9 et d\u2019une r\u00e9alisation en tissu Ultralight Think Opacity pour de hautes performances.<\/p>\n<p>Le design, avec ses ensembles de couleurs et ses motifs graphiques, s\u2019inspire des rues autour de Bergame, notre ville natale.<\/p>\n<p>TONO : Simplement le meilleur choix pour tous les cyclistes qui veulent faire face \u00e0 l\u2019\u00e9t\u00e9.<\/p>\n<p>Made in Italy<\/p>\n<p><strong>AJUSTEMENT PARFAIT<\/strong><\/p>\n<p>Fabriqu\u00e9 \u00e0 partir de tissu Thunderbike Power, avec renfort en silicone en nid d\u2019abeille pour un v\u00e9ritable &#8220;effet tatouage&#8221;<\/p>\n<p><strong>CONFORT EXTR\u00caME<\/strong><\/p>\n<p>Des accolades \u00e9lastiques faites sans coutures, pour s\u2019adapter parfaitement au corps sans forcer. Le panneau arri\u00e8re den filet assure une respirabilit\u00e9 parfaite<\/p>\n<p><strong>PROTECTION ANTICHOC<\/strong><\/p>\n<p>Peau de chamois GITevo avec c\u0153ur de gel. Absorbe constamment et progressivement les bosses, pour un maximum de confort lors des longues sorties<\/p>\n<div class=\"\">\n<p>Made in Italy<\/p>\n<p>&nbsp;<\/p>\n<\/div>\n<p>Style and performance in the highest temperatures<\/p>\n<p><strong>CONFORT EXTR\u00caME ET TENUE PARFAITE<\/strong><\/p>\n<p>Ajustement serr\u00e9, avec des manches coup\u00e9es sans ourlet<\/p>\n<p><strong>RESPIRANT ET L\u00c9GER<\/strong><\/p>\n<p>Fabriqu\u00e9 avec une combinaison de tissus micro maille extr\u00eamement respirants et l\u00e9gers<\/p>\n<p><strong>PLUS D&#8217;ESPACE<\/strong><\/p>\n<p>Cuissard maillot santini avec Triple poche arri\u00e8re dont une zipp\u00e9e suppl\u00e9mentaire, parfait pour les accessoires les plus importants<\/p>\n<p><strong>VISIBILIT\u00c9 NOCTURNE<\/strong><\/p>\n<p>D\u00e9tails r\u00e9fl\u00e9chissants sur les poches arri\u00e8re<\/p>\n<p>Made in Italy<\/p>\n<p><img fetchpriority=\"high\" decoding=\"async\" class=\"alignnone\" title=\"tailles santini\" src=\"https:\/\/www.santinicycling.com\/themes\/santini\/assets\/img\/55.jpg\" alt=\"\" width=\"1200\" height=\"891\" \/><\/p>\n<p>&nbsp;<\/p>\n","protected":false},"excerpt":{"rendered":"<p>Design maison pour cet ensemble Haut de gamme de chez Santini<\/p>\n","protected":false},"featured_media":3768,"comment_status":"open","ping_status":"closed","template":"","meta":{"om_disable_all_campaigns":false,"_monsterinsights_skip_tracking":false,"_monsterinsights_sitenote_active":false,"_monsterinsights_sitenote_note":"","_monsterinsights_sitenote_category":0,"ocean_post_layout":"","ocean_both_sidebars_style":"","ocean_both_sidebars_content_width":0,"ocean_both_sidebars_sidebars_width":0,"ocean_sidebar":"0","ocean_second_sidebar":"0","ocean_disable_margins":"enable","ocean_add_body_class":"","ocean_shortcode_before_top_bar":"","ocean_shortcode_after_top_bar":"","ocean_shortcode_before_header":"","ocean_shortcode_after_header":"","ocean_has_shortcode":"","ocean_shortcode_after_title":"","ocean_shortcode_before_footer_widgets":"","ocean_shortcode_after_footer_widgets":"","ocean_shortcode_before_footer_bottom":"","ocean_shortcode_after_footer_bottom":"","ocean_display_top_bar":"default","ocean_display_header":"default","ocean_header_style":"","ocean_center_header_left_menu":"0","ocean_custom_header_template":"0","ocean_custom_logo":0,"ocean_custom_retina_logo":0,"ocean_custom_logo_max_width":0,"ocean_custom_logo_tablet_max_width":0,"ocean_custom_logo_mobile_max_width":0,"ocean_custom_logo_max_height":0,"ocean_custom_logo_tablet_max_height":0,"ocean_custom_logo_mobile_max_height":0,"ocean_header_custom_menu":"0","ocean_menu_typo_font_family":"0","ocean_menu_typo_font_subset":"","ocean_menu_typo_font_size":0,"ocean_menu_typo_font_size_tablet":0,"ocean_menu_typo_font_size_mobile":0,"ocean_menu_typo_font_size_unit":"px","ocean_menu_typo_font_weight":"","ocean_menu_typo_font_weight_tablet":"","ocean_menu_typo_font_weight_mobile":"","ocean_menu_typo_transform":"","ocean_menu_typo_transform_tablet":"","ocean_menu_typo_transform_mobile":"","ocean_menu_typo_line_height":0,"ocean_menu_typo_line_height_tablet":0,"ocean_menu_typo_line_height_mobile":0,"ocean_menu_typo_line_height_unit":"","ocean_menu_typo_spacing":0,"ocean_menu_typo_spacing_tablet":0,"ocean_menu_typo_spacing_mobile":0,"ocean_menu_typo_spacing_unit":"","ocean_menu_link_color":"","ocean_menu_link_color_hover":"","ocean_menu_link_color_active":"","ocean_menu_link_background":"","ocean_menu_link_hover_background":"","ocean_menu_link_active_background":"","ocean_menu_social_links_bg":"","ocean_menu_social_hover_links_bg":"","ocean_menu_social_links_color":"","ocean_menu_social_hover_links_color":"","ocean_disable_title":"default","ocean_disable_heading":"default","ocean_post_title":"","ocean_post_subheading":"","ocean_post_title_style":"","ocean_post_title_background_color":"","ocean_post_title_background":0,"ocean_post_title_bg_image_position":"","ocean_post_title_bg_image_attachment":"","ocean_post_title_bg_image_repeat":"","ocean_post_title_bg_image_size":"","ocean_post_title_height":0,"ocean_post_title_bg_overlay":0.5,"ocean_post_title_bg_overlay_color":"","ocean_disable_breadcrumbs":"default","ocean_breadcrumbs_color":"","ocean_breadcrumbs_separator_color":"","ocean_breadcrumbs_links_color":"","ocean_breadcrumbs_links_hover_color":"","ocean_display_footer_widgets":"default","ocean_display_footer_bottom":"default","ocean_custom_footer_template":"0"},"product_brand":[],"product_cat":[21,32],"product_tag":[],"class_list":{"0":"post-3767","1":"product","2":"type-product","3":"status-publish","4":"has-post-thumbnail","6":"product_cat-habillement-accessoires-velo","7":"product_cat-habillement-cycliste","9":"entry","10":"has-media","12":"first","13":"instock","14":"sale","15":"taxable","16":"shipping-taxable","17":"purchasable","18":"product-type-variable","19":"has-default-attributes","20":"has-product-nav","21":"col","22":"span_1_of_3","23":"owp-content-center","24":"owp-thumbs-layout-horizontal","25":"owp-btn-normal","26":"owp-tabs-layout-horizontal"},"yoast_head":"<!-- This site is optimized with the Yoast SEO plugin v27.5 - https:\/\/yoast.com\/product\/yoast-seo-wordpress\/ -->\n<title>cuissard maillot santini - L\u2019OFFICINA bici da corsa<\/title>\n<meta name=\"description\" content=\"cuissard maillot santini x l&#039;officina v\u00e9lo de course gravel collection \u00e9t\u00e9 2022 bleu blanc dor\u00e9 moutarde disponible XXS XS S M L XL XXL XXXL\" \/>\n<meta name=\"robots\" content=\"index, follow, max-snippet:-1, max-image-preview:large, max-video-preview:-1\" \/>\n<link rel=\"canonical\" href=\"https:\/\/www.lofficinabici.com\/en\/produit\/cuissard-et-maillot-lofficina\/\" \/>\n<meta property=\"og:locale\" content=\"en_US\" \/>\n<meta property=\"og:type\" content=\"article\" \/>\n<meta property=\"og:title\" content=\"cuissard maillot santini - L\u2019OFFICINA bici da corsa\" \/>\n<meta property=\"og:description\" content=\"cuissard maillot santini x l&#039;officina v\u00e9lo de course gravel collection \u00e9t\u00e9 2022 bleu blanc dor\u00e9 moutarde disponible XXS XS S M L XL XXL XXXL\" \/>\n<meta property=\"og:url\" content=\"https:\/\/www.lofficinabici.com\/en\/produit\/cuissard-et-maillot-lofficina\/\" \/>\n<meta property=\"og:site_name\" content=\"L\u2019OFFICINA bici da corsa\" \/>\n<meta property=\"article:publisher\" content=\"https:\/\/www.facebook.com\/lofficinabici\/\" \/>\n<meta property=\"article:modified_time\" content=\"2023-03-07T19:27:56+00:00\" \/>\n<meta property=\"og:image\" content=\"https:\/\/www.lofficinabici.com\/wp-content\/uploads\/2020\/11\/IMG_2286.jpg\" \/>\n\t<meta property=\"og:image:width\" content=\"2420\" \/>\n\t<meta property=\"og:image:height\" content=\"2346\" \/>\n\t<meta property=\"og:image:type\" content=\"image\/jpeg\" \/>\n<meta name=\"twitter:card\" content=\"summary_large_image\" \/>\n<meta name=\"twitter:label1\" content=\"Est. reading time\" \/>\n\t<meta name=\"twitter:data1\" content=\"2 minutes\" \/>\n<script type=\"application\/ld+json\" class=\"yoast-schema-graph\">{\"@context\":\"https:\\\/\\\/schema.org\",\"@graph\":[{\"@type\":\"WebPage\",\"@id\":\"https:\\\/\\\/www.lofficinabici.com\\\/en\\\/produit\\\/cuissard-et-maillot-lofficina\\\/\",\"url\":\"https:\\\/\\\/www.lofficinabici.com\\\/en\\\/produit\\\/cuissard-et-maillot-lofficina\\\/\",\"name\":\"cuissard maillot santini - L\u2019OFFICINA bici da corsa\",\"isPartOf\":{\"@id\":\"https:\\\/\\\/www.lofficinabici.com\\\/en\\\/#website\"},\"primaryImageOfPage\":{\"@id\":\"https:\\\/\\\/www.lofficinabici.com\\\/en\\\/produit\\\/cuissard-et-maillot-lofficina\\\/#primaryimage\"},\"image\":{\"@id\":\"https:\\\/\\\/www.lofficinabici.com\\\/en\\\/produit\\\/cuissard-et-maillot-lofficina\\\/#primaryimage\"},\"thumbnailUrl\":\"https:\\\/\\\/www.lofficinabici.com\\\/wp-content\\\/uploads\\\/2020\\\/11\\\/IMG_2286.jpg\",\"datePublished\":\"2020-11-09T20:11:19+00:00\",\"dateModified\":\"2023-03-07T19:27:56+00:00\",\"description\":\"cuissard maillot santini x l'officina v\u00e9lo de course gravel collection \u00e9t\u00e9 2022 bleu blanc dor\u00e9 moutarde disponible XXS XS S M L XL XXL XXXL\",\"breadcrumb\":{\"@id\":\"https:\\\/\\\/www.lofficinabici.com\\\/en\\\/produit\\\/cuissard-et-maillot-lofficina\\\/#breadcrumb\"},\"inLanguage\":\"en-US\",\"potentialAction\":[{\"@type\":\"ReadAction\",\"target\":[\"https:\\\/\\\/www.lofficinabici.com\\\/en\\\/produit\\\/cuissard-et-maillot-lofficina\\\/\"]}]},{\"@type\":\"ImageObject\",\"inLanguage\":\"en-US\",\"@id\":\"https:\\\/\\\/www.lofficinabici.com\\\/en\\\/produit\\\/cuissard-et-maillot-lofficina\\\/#primaryimage\",\"url\":\"https:\\\/\\\/www.lofficinabici.com\\\/wp-content\\\/uploads\\\/2020\\\/11\\\/IMG_2286.jpg\",\"contentUrl\":\"https:\\\/\\\/www.lofficinabici.com\\\/wp-content\\\/uploads\\\/2020\\\/11\\\/IMG_2286.jpg\",\"width\":2420,\"height\":2346,\"caption\":\"Santini cycling outfit by l'officina\"},{\"@type\":\"BreadcrumbList\",\"@id\":\"https:\\\/\\\/www.lofficinabici.com\\\/en\\\/produit\\\/cuissard-et-maillot-lofficina\\\/#breadcrumb\",\"itemListElement\":[{\"@type\":\"ListItem\",\"position\":1,\"name\":\"Accueil\",\"item\":\"https:\\\/\\\/www.lofficinabici.com\\\/en\\\/?lang=en\"},{\"@type\":\"ListItem\",\"position\":2,\"name\":\"e-Shop\",\"item\":\"https:\\\/\\\/www.lofficinabici.com\\\/shop\\\/?lang=en\"},{\"@type\":\"ListItem\",\"position\":3,\"name\":\"Cuissard et Maillot L&rsquo;OFFICINA\"}]},{\"@type\":\"WebSite\",\"@id\":\"https:\\\/\\\/www.lofficinabici.com\\\/en\\\/#website\",\"url\":\"https:\\\/\\\/www.lofficinabici.com\\\/en\\\/\",\"name\":\"L\u2019OFFICINA bici da corsa\",\"description\":\"v\u00e9los de course\",\"publisher\":{\"@id\":\"https:\\\/\\\/www.lofficinabici.com\\\/en\\\/#organization\"},\"potentialAction\":[{\"@type\":\"SearchAction\",\"target\":{\"@type\":\"EntryPoint\",\"urlTemplate\":\"https:\\\/\\\/www.lofficinabici.com\\\/en\\\/?s={search_term_string}\"},\"query-input\":{\"@type\":\"PropertyValueSpecification\",\"valueRequired\":true,\"valueName\":\"search_term_string\"}}],\"inLanguage\":\"en-US\"},{\"@type\":\"Organization\",\"@id\":\"https:\\\/\\\/www.lofficinabici.com\\\/en\\\/#organization\",\"name\":\"L'officina bici\",\"url\":\"https:\\\/\\\/www.lofficinabici.com\\\/en\\\/\",\"logo\":{\"@type\":\"ImageObject\",\"inLanguage\":\"en-US\",\"@id\":\"https:\\\/\\\/www.lofficinabici.com\\\/en\\\/#\\\/schema\\\/logo\\\/image\\\/\",\"url\":\"https:\\\/\\\/www.lofficinabici.com\\\/wp-content\\\/uploads\\\/2022\\\/01\\\/cropped-LOFFICINA-1.png\",\"contentUrl\":\"https:\\\/\\\/www.lofficinabici.com\\\/wp-content\\\/uploads\\\/2022\\\/01\\\/cropped-LOFFICINA-1.png\",\"width\":400,\"height\":225,\"caption\":\"L'officina bici\"},\"image\":{\"@id\":\"https:\\\/\\\/www.lofficinabici.com\\\/en\\\/#\\\/schema\\\/logo\\\/image\\\/\"},\"sameAs\":[\"https:\\\/\\\/www.facebook.com\\\/lofficinabici\\\/\",\"https:\\\/\\\/www.instagram.com\\\/lofficinabicidacorsa\\\/\"]}]}<\/script>\n<!-- \/ Yoast SEO plugin. -->","yoast_head_json":{"title":"cuissard maillot santini - L\u2019OFFICINA bici da corsa","description":"cuissard maillot santini x l'officina v\u00e9lo de course gravel collection \u00e9t\u00e9 2022 bleu blanc dor\u00e9 moutarde disponible XXS XS S M L XL XXL XXXL","robots":{"index":"index","follow":"follow","max-snippet":"max-snippet:-1","max-image-preview":"max-image-preview:large","max-video-preview":"max-video-preview:-1"},"canonical":"https:\/\/www.lofficinabici.com\/en\/produit\/cuissard-et-maillot-lofficina\/","og_locale":"en_US","og_type":"article","og_title":"cuissard maillot santini - L\u2019OFFICINA bici da corsa","og_description":"cuissard maillot santini x l'officina v\u00e9lo de course gravel collection \u00e9t\u00e9 2022 bleu blanc dor\u00e9 moutarde disponible XXS XS S M L XL XXL XXXL","og_url":"https:\/\/www.lofficinabici.com\/en\/produit\/cuissard-et-maillot-lofficina\/","og_site_name":"L\u2019OFFICINA bici da corsa","article_publisher":"https:\/\/www.facebook.com\/lofficinabici\/","article_modified_time":"2023-03-07T19:27:56+00:00","og_image":[{"width":2420,"height":2346,"url":"https:\/\/www.lofficinabici.com\/wp-content\/uploads\/2020\/11\/IMG_2286.jpg","type":"image\/jpeg"}],"twitter_card":"summary_large_image","twitter_misc":{"Est. reading time":"2 minutes"},"schema":{"@context":"https:\/\/schema.org","@graph":[{"@type":"WebPage","@id":"https:\/\/www.lofficinabici.com\/en\/produit\/cuissard-et-maillot-lofficina\/","url":"https:\/\/www.lofficinabici.com\/en\/produit\/cuissard-et-maillot-lofficina\/","name":"cuissard maillot santini - L\u2019OFFICINA bici da corsa","isPartOf":{"@id":"https:\/\/www.lofficinabici.com\/en\/#website"},"primaryImageOfPage":{"@id":"https:\/\/www.lofficinabici.com\/en\/produit\/cuissard-et-maillot-lofficina\/#primaryimage"},"image":{"@id":"https:\/\/www.lofficinabici.com\/en\/produit\/cuissard-et-maillot-lofficina\/#primaryimage"},"thumbnailUrl":"https:\/\/www.lofficinabici.com\/wp-content\/uploads\/2020\/11\/IMG_2286.jpg","datePublished":"2020-11-09T20:11:19+00:00","dateModified":"2023-03-07T19:27:56+00:00","description":"cuissard maillot santini x l'officina v\u00e9lo de course gravel collection \u00e9t\u00e9 2022 bleu blanc dor\u00e9 moutarde disponible XXS XS S M L XL XXL XXXL","breadcrumb":{"@id":"https:\/\/www.lofficinabici.com\/en\/produit\/cuissard-et-maillot-lofficina\/#breadcrumb"},"inLanguage":"en-US","potentialAction":[{"@type":"ReadAction","target":["https:\/\/www.lofficinabici.com\/en\/produit\/cuissard-et-maillot-lofficina\/"]}]},{"@type":"ImageObject","inLanguage":"en-US","@id":"https:\/\/www.lofficinabici.com\/en\/produit\/cuissard-et-maillot-lofficina\/#primaryimage","url":"https:\/\/www.lofficinabici.com\/wp-content\/uploads\/2020\/11\/IMG_2286.jpg","contentUrl":"https:\/\/www.lofficinabici.com\/wp-content\/uploads\/2020\/11\/IMG_2286.jpg","width":2420,"height":2346,"caption":"Santini cycling outfit by l'officina"},{"@type":"BreadcrumbList","@id":"https:\/\/www.lofficinabici.com\/en\/produit\/cuissard-et-maillot-lofficina\/#breadcrumb","itemListElement":[{"@type":"ListItem","position":1,"name":"Accueil","item":"https:\/\/www.lofficinabici.com\/en\/?lang=en"},{"@type":"ListItem","position":2,"name":"e-Shop","item":"https:\/\/www.lofficinabici.com\/shop\/?lang=en"},{"@type":"ListItem","position":3,"name":"Cuissard et Maillot L&rsquo;OFFICINA"}]},{"@type":"WebSite","@id":"https:\/\/www.lofficinabici.com\/en\/#website","url":"https:\/\/www.lofficinabici.com\/en\/","name":"L\u2019OFFICINA bici da corsa","description":"v\u00e9los de course","publisher":{"@id":"https:\/\/www.lofficinabici.com\/en\/#organization"},"potentialAction":[{"@type":"SearchAction","target":{"@type":"EntryPoint","urlTemplate":"https:\/\/www.lofficinabici.com\/en\/?s={search_term_string}"},"query-input":{"@type":"PropertyValueSpecification","valueRequired":true,"valueName":"search_term_string"}}],"inLanguage":"en-US"},{"@type":"Organization","@id":"https:\/\/www.lofficinabici.com\/en\/#organization","name":"L'officina bici","url":"https:\/\/www.lofficinabici.com\/en\/","logo":{"@type":"ImageObject","inLanguage":"en-US","@id":"https:\/\/www.lofficinabici.com\/en\/#\/schema\/logo\/image\/","url":"https:\/\/www.lofficinabici.com\/wp-content\/uploads\/2022\/01\/cropped-LOFFICINA-1.png","contentUrl":"https:\/\/www.lofficinabici.com\/wp-content\/uploads\/2022\/01\/cropped-LOFFICINA-1.png","width":400,"height":225,"caption":"L'officina bici"},"image":{"@id":"https:\/\/www.lofficinabici.com\/en\/#\/schema\/logo\/image\/"},"sameAs":["https:\/\/www.facebook.com\/lofficinabici\/","https:\/\/www.instagram.com\/lofficinabicidacorsa\/"]}]}},"_links":{"self":[{"href":"https:\/\/www.lofficinabici.com\/en\/wp-json\/wp\/v2\/product\/3767","targetHints":{"allow":["GET"]}}],"collection":[{"href":"https:\/\/www.lofficinabici.com\/en\/wp-json\/wp\/v2\/product"}],"about":[{"href":"https:\/\/www.lofficinabici.com\/en\/wp-json\/wp\/v2\/types\/product"}],"replies":[{"embeddable":true,"href":"https:\/\/www.lofficinabici.com\/en\/wp-json\/wp\/v2\/comments?post=3767"}],"wp:featuredmedia":[{"embeddable":true,"href":"https:\/\/www.lofficinabici.com\/en\/wp-json\/wp\/v2\/media\/3768"}],"wp:attachment":[{"href":"https:\/\/www.lofficinabici.com\/en\/wp-json\/wp\/v2\/media?parent=3767"}],"wp:term":[{"taxonomy":"product_brand","embeddable":true,"href":"https:\/\/www.lofficinabici.com\/en\/wp-json\/wp\/v2\/product_brand?post=3767"},{"taxonomy":"product_cat","embeddable":true,"href":"https:\/\/www.lofficinabici.com\/en\/wp-json\/wp\/v2\/product_cat?post=3767"},{"taxonomy":"product_tag","embeddable":true,"href":"https:\/\/www.lofficinabici.com\/en\/wp-json\/wp\/v2\/product_tag?post=3767"}],"curies":[{"name":"wp","href":"https:\/\/api.w.org\/{rel}","templated":true}]}}