{"id":10324,"date":"2022-12-16T11:20:53","date_gmt":"2022-12-16T10:20:53","guid":{"rendered":"https:\/\/www.lofficinabici.com\/?post_type=product&#038;p=10324"},"modified":"2024-07-08T15:34:39","modified_gmt":"2024-07-08T14:34:39","slug":"garmin-edge-530","status":"publish","type":"product","link":"https:\/\/www.lofficinabici.com\/en\/produit\/garmin-edge-530\/","title":{"rendered":"GARMIN EDGE 530"},"content":{"rendered":"<section id=\"app__tabs__content__specs\" class=\"app__tabs__content__main app__tabs__content__main--active js__app__tabs__content__sec app__tabs__content__main--specs\">\n<article>\n<div class=\"app__tabs__content__wrap js__app__tabs__content\">\n<div class=\"app__render-content\">\n<h1>GARMIN EDGE 530 : DES INFORMATIONS POUR PROGRESSER<\/h1>\n<div class=\"app__overview__intro__description\">\n<p>Le compteur GPS de v\u00e9lo GARMIN EDGE 530 fournit un suivi dynamique des performances ainsi que des donn\u00e9es pour vous am\u00e9liorer. \u00c7a vous int\u00e9resse ?<\/p>\n<\/div>\n<div class=\"app__overview__intro__icons app__column-layout app__column-layout__column--3 app__column-layout__column__mobile--1\">\n<div class=\"app__feature__card\" data-translate=\"\">\n<p><img decoding=\"async\" class=\"app__feature__card__image\" src=\"https:\/\/res.garmin.com\/gdc\/Product_Pages\/ICONS\/Garmin_Cycle_Map.svg\" alt=\"\" \/><\/p>\n<h3><\/h3>\n<p class=\"app__feature__card__description app__feature__card__description--left\">P\u00e9dalez comme si vous connaissiez chaque mont\u00e9e et chaque courbe. Et trouvez les itin\u00e9raires les plus emprunt\u00e9s par les habitants de la r\u00e9gion.<\/p>\n<\/div>\n<div class=\"app__feature__card\" data-translate=\"\">\n<p><img decoding=\"async\" class=\"app__feature__card__image\" src=\"https:\/\/res.garmin.com\/gdc\/Product_Pages\/ICONS\/Turn_by_Turn_Navigation.svg\" alt=\"\" \/><\/p>\n<h3><\/h3>\n<p class=\"app__feature__card__description app__feature__card__description--left\">N&#8217;ayez pas peur de vous perdre en sachant que votre Edge vous ram\u00e8nera toujours \u00e0 bon port. Pas besoin de copilote.<\/p>\n<\/div>\n<div class=\"app__feature__card\" data-translate=\"\">\n<p><img decoding=\"async\" class=\"app__feature__card__image\" src=\"https:\/\/res.garmin.com\/gdc\/Product_Pages\/ICONS\/power.svg\" alt=\"\" \/><\/p>\n<h3><\/h3>\n<p class=\"app__feature__card__description app__feature__card__description--left\">Donnez le meilleur de vous-m\u00eame, puis pulv\u00e9risez vos propres records. Comparez vos efforts r\u00e9cents aux parcours pr\u00e9c\u00e9dents.<\/p>\n<\/div>\n<div class=\"app__feature__card\" data-translate=\"\">\n<p><img decoding=\"async\" class=\"app__feature__card__image\" src=\"https:\/\/res.garmin.com\/en\/products\/010-02061-00\/g\/Garmin_Coach-0688f1ca-5891-4991-a3cb-a2caaa3b5ddd.svg\" alt=\"\" \/><\/p>\n<h3><\/h3>\n<p class=\"app__feature__card__description app__feature__card__description--left\">Enfin, un coach qui ne crie pas. Synchronisez des entra\u00eenements structur\u00e9s directement sur votre Edge.<\/p>\n<\/div>\n<div class=\"app__feature__card\" data-translate=\"\">\n<p><img decoding=\"async\" class=\"app__feature__card__image\" src=\"https:\/\/res.garmin.com\/gdc\/Product_Pages\/ICONS\/Measure_Data.svg\" alt=\"\" \/><\/p>\n<h3><\/h3>\n<p class=\"app__feature__card__description app__feature__card__description--left\">Affichez vos statistiques. Toutes vos statistiques. Suivez plus de m\u00e9triques de performance que jamais.<\/p>\n<\/div>\n<div class=\"app__feature__card\" data-translate=\"\">\n<p><img decoding=\"async\" class=\"app__feature__card__image\" src=\"https:\/\/res.garmin.com\/gdc\/Product_Pages\/ICONS\/Battery_Life.svg\" alt=\"\" \/><\/p>\n<h3><\/h3>\n<p class=\"app__feature__card__description app__feature__card__description--left\">Plus le parcours est long, mieux c&#8217;est. P\u00e9dalez pendant 20\u00a0heures avant de recharger votre batterie.<\/p>\n<\/div>\n<\/div>\n<p>&nbsp;<\/p>\n<p>&nbsp;<\/p>\n<table>\n<tbody>\n<tr class=\"title\">\n<td colspan=\"2\">\n<h3>G\u00e9n\u00e9ral GARMIN EDGE 530<\/h3>\n<\/td>\n<\/tr>\n<tr>\n<th scope=\"row\">RECHARGE DE L&#8217;APPAREILS SUR LE V\u00c9LO (SUPPORT ALIMENT\u00c9 ET BATTERIE GARMIN CHARGE)<\/th>\n<td class=\"yes\"><\/td>\n<\/tr>\n<tr>\n<th scope=\"row\">DIMENSIONS PHYSIQUES<\/th>\n<td><\/td>\n<\/tr>\n<tr>\n<th scope=\"row\">ECRAN COULEUR<\/th>\n<td class=\"yes\"><\/td>\n<\/tr>\n<tr>\n<th scope=\"row\">FORMAT D&#8217;AFFICHAGE (LARGEUR PAR HAUTEUR)<\/th>\n<td>2,6\u00a0pouces, couleur<\/td>\n<\/tr>\n<tr>\n<th scope=\"row\">D\u00c9FINITION D&#8217;\u00c9CRAN (LARGEUR PAR HAUTEUR)<\/th>\n<td>246\u00a0\u00d7 322\u00a0pixels<\/td>\n<\/tr>\n<tr>\n<th scope=\"row\">POIDS<\/th>\n<td>75,8\u00a0g<\/td>\n<\/tr>\n<tr>\n<th scope=\"row\"><a href=\"http:\/\/www.garmin.com\/fr-FR\/legal\/waterrating\/\" target=\"_blank\" rel=\"noopener\">DEGR\u00c9 DE R\u00c9SISTANCE \u00c0 L&#8217;EAU<\/a><\/th>\n<td>IPX7<\/td>\n<\/tr>\n<tr>\n<th scope=\"row\">BATTERIE<\/th>\n<td>Lithium-ion, rechargeable<\/td>\n<\/tr>\n<tr>\n<th scope=\"row\">AUTONOMIE DE LA BATTERIE<\/th>\n<td>Jusqu&#8217;\u00e0 20\u00a0heures<\/td>\n<\/tr>\n<tr>\n<th scope=\"row\">MODE \u00c9CONOMIE DE BATTERIE<\/th>\n<\/tr>\n<\/tbody>\n<\/table>\n<\/div>\n<\/div>\n<\/article>\n<\/section>\n<div id=\"js__product__sidebar\" class=\"app__sidebar\" data-active-tab=\"specs\">\n<div id=\"js__product__sidebar__quickLinks\" class=\"app__sidebar__wrapper\"><\/div>\n<\/div>\n<p>&nbsp;<\/p>\n<div id=\"js__product__sidebar\" class=\"app__sidebar\" data-active-tab=\"specs\">\n<div class=\"app__sidebar__wrapper\">\n<section id=\"js__product__sidebar__compatible\" class=\"app__sidebar__con app__sidebar__con--cards\">\n<div class=\"app__sidebar__list\">\n<div id=\"js__sidebar__010-01673-00\" class=\"app__product__card\">\n<div class=\"app__product__card__container\">\n<div class=\"app__product__card__price__wrapper\">\n<div class=\"app__product__card__price\">Plus d&#8217;infos ici : <a href=\"https:\/\/www.garmin.com\/fr-FR\/p\/pn\/010-02060-01#specs\">Garmin\u00a0<\/a><\/div>\n<\/div>\n<\/div>\n<\/div>\n<\/div>\n<div><\/div>\n<div class=\"app__sidebar__list\">\n<div id=\"js__sidebar__010-12654-01\" class=\"app__product__card\">\n<div class=\"app__product__card__container\">\n<div class=\"app__product__card__price__wrapper\">\n<div class=\"app__product__card__price\"><\/div>\n<\/div>\n<\/div>\n<\/div>\n<div id=\"js__sidebar__010-12654-02\" class=\"app__product__card\"><\/div>\n<div id=\"js__sidebar__010-12654-03\" class=\"app__product__card\">\n<div class=\"app__product__card__container\">\n<div class=\"app__product__card__price__wrapper\">\n<div class=\"app__product__card__price\">\n<p class=\"responsive-video-wrap clr\"><iframe title=\"Pr\u00e9sentation des ordinateurs GPS pour v\u00e9lo Garmin Edge 530 et Edge 830\" width=\"1200\" height=\"675\" src=\"https:\/\/www.youtube.com\/embed\/fDs7iBwS0lU?feature=oembed\" frameborder=\"0\" allow=\"accelerometer; autoplay; clipboard-write; encrypted-media; gyroscope; picture-in-picture; web-share\" referrerpolicy=\"strict-origin-when-cross-origin\" allowfullscreen><\/iframe><\/p>\n<\/div>\n<\/div>\n<\/div>\n<\/div>\n<div id=\"js__sidebar__010-12654-04\" class=\"app__product__card\"><\/div>\n<\/div>\n<\/section>\n<section class=\"app__sidebar__con app__sidebar__con--cards\">Disponible \u00e0 <a href=\"https:\/\/www.lofficinabici.com\/\">l&#8217;Officina<\/a> \u00e0 Pernes les Fontaines<\/p>\n<div class=\"app__sidebar__list\">\n<div class=\"app__product__card\"><\/div>\n<div class=\"app__product__card\">\n<div class=\"app__product__card__container\">\n<div class=\"app__product__card__price__wrapper\">\n<div class=\"app__product__card__price app__product__card__price__sale\"><\/div>\n<\/div>\n<\/div>\n<\/div>\n<div class=\"app__product__card\"><\/div>\n<\/div>\n<\/section>\n<section class=\"app__sidebar__con app__sidebar__con--cards\">\n<div class=\"app__sidebar__list\">\n<div class=\"app__product__card\"><\/div>\n<\/div>\n<\/section>\n<\/div>\n<\/div>\n","protected":false},"excerpt":{"rendered":"<p><span style=\"font-size: 16px;\">Pour un suivi dynamique des performances ainsi que des donn\u00e9es pour vous am\u00e9liorer<\/span><\/p>\n","protected":false},"featured_media":10329,"comment_status":"closed","ping_status":"closed","template":"","meta":{"om_disable_all_campaigns":false,"_monsterinsights_skip_tracking":false,"_monsterinsights_sitenote_active":false,"_monsterinsights_sitenote_note":"","_monsterinsights_sitenote_category":0,"ocean_post_layout":"","ocean_both_sidebars_style":"","ocean_both_sidebars_content_width":0,"ocean_both_sidebars_sidebars_width":0,"ocean_sidebar":"0","ocean_second_sidebar":"0","ocean_disable_margins":"enable","ocean_add_body_class":"","ocean_shortcode_before_top_bar":"","ocean_shortcode_after_top_bar":"","ocean_shortcode_before_header":"","ocean_shortcode_after_header":"","ocean_has_shortcode":"","ocean_shortcode_after_title":"","ocean_shortcode_before_footer_widgets":"","ocean_shortcode_after_footer_widgets":"","ocean_shortcode_before_footer_bottom":"","ocean_shortcode_after_footer_bottom":"","ocean_display_top_bar":"default","ocean_display_header":"default","ocean_header_style":"","ocean_center_header_left_menu":"0","ocean_custom_header_template":"0","ocean_custom_logo":0,"ocean_custom_retina_logo":0,"ocean_custom_logo_max_width":0,"ocean_custom_logo_tablet_max_width":0,"ocean_custom_logo_mobile_max_width":0,"ocean_custom_logo_max_height":0,"ocean_custom_logo_tablet_max_height":0,"ocean_custom_logo_mobile_max_height":0,"ocean_header_custom_menu":"0","ocean_menu_typo_font_family":"0","ocean_menu_typo_font_subset":"","ocean_menu_typo_font_size":0,"ocean_menu_typo_font_size_tablet":0,"ocean_menu_typo_font_size_mobile":0,"ocean_menu_typo_font_size_unit":"px","ocean_menu_typo_font_weight":"","ocean_menu_typo_font_weight_tablet":"","ocean_menu_typo_font_weight_mobile":"","ocean_menu_typo_transform":"","ocean_menu_typo_transform_tablet":"","ocean_menu_typo_transform_mobile":"","ocean_menu_typo_line_height":0,"ocean_menu_typo_line_height_tablet":0,"ocean_menu_typo_line_height_mobile":0,"ocean_menu_typo_line_height_unit":"","ocean_menu_typo_spacing":0,"ocean_menu_typo_spacing_tablet":0,"ocean_menu_typo_spacing_mobile":0,"ocean_menu_typo_spacing_unit":"","ocean_menu_link_color":"","ocean_menu_link_color_hover":"","ocean_menu_link_color_active":"","ocean_menu_link_background":"","ocean_menu_link_hover_background":"","ocean_menu_link_active_background":"","ocean_menu_social_links_bg":"","ocean_menu_social_hover_links_bg":"","ocean_menu_social_links_color":"","ocean_menu_social_hover_links_color":"","ocean_disable_title":"default","ocean_disable_heading":"default","ocean_post_title":"","ocean_post_subheading":"","ocean_post_title_style":"","ocean_post_title_background_color":"","ocean_post_title_background":0,"ocean_post_title_bg_image_position":"","ocean_post_title_bg_image_attachment":"","ocean_post_title_bg_image_repeat":"","ocean_post_title_bg_image_size":"","ocean_post_title_height":0,"ocean_post_title_bg_overlay":0.5,"ocean_post_title_bg_overlay_color":"","ocean_disable_breadcrumbs":"default","ocean_breadcrumbs_color":"","ocean_breadcrumbs_separator_color":"","ocean_breadcrumbs_links_color":"","ocean_breadcrumbs_links_hover_color":"","ocean_display_footer_widgets":"default","ocean_display_footer_bottom":"default","ocean_custom_footer_template":"0"},"product_brand":[],"product_cat":[1246],"product_tag":[],"class_list":{"0":"post-10324","1":"product","2":"type-product","3":"status-publish","4":"has-post-thumbnail","6":"product_cat-gps","8":"entry","9":"has-media","11":"first","12":"outofstock","13":"sale","14":"taxable","15":"shipping-taxable","16":"purchasable","17":"product-type-simple","18":"has-product-nav","19":"col","20":"span_1_of_3","21":"owp-content-center","22":"owp-thumbs-layout-horizontal","23":"owp-btn-normal","24":"owp-tabs-layout-horizontal"},"yoast_head":"<!-- This site is optimized with the Yoast SEO plugin v27.5 - https:\/\/yoast.com\/product\/yoast-seo-wordpress\/ -->\n<title>GARMIN EDGE 530 - L\u2019OFFICINA bici da corsa<\/title>\n<meta name=\"description\" content=\"GARMIN EDGE 530 GPS disponible \u00e0 L&#039;officina pernes les fontaines mont ventoux luberon, suivi dynamique des performances , autonomie 20 h\" \/>\n<meta name=\"robots\" content=\"index, follow, max-snippet:-1, max-image-preview:large, max-video-preview:-1\" \/>\n<link rel=\"canonical\" href=\"https:\/\/www.lofficinabici.com\/en\/produit\/garmin-edge-530\/\" \/>\n<meta property=\"og:locale\" content=\"en_US\" \/>\n<meta property=\"og:type\" content=\"article\" \/>\n<meta property=\"og:title\" content=\"GARMIN EDGE 530 - L\u2019OFFICINA bici da corsa\" \/>\n<meta property=\"og:description\" content=\"GARMIN EDGE 530 GPS disponible \u00e0 L&#039;officina pernes les fontaines mont ventoux luberon, suivi dynamique des performances , autonomie 20 h\" \/>\n<meta property=\"og:url\" content=\"https:\/\/www.lofficinabici.com\/en\/produit\/garmin-edge-530\/\" \/>\n<meta property=\"og:site_name\" content=\"L\u2019OFFICINA bici da corsa\" \/>\n<meta property=\"article:publisher\" content=\"https:\/\/www.facebook.com\/lofficinabici\/\" \/>\n<meta property=\"article:modified_time\" content=\"2024-07-08T14:34:39+00:00\" \/>\n<meta property=\"og:image\" content=\"https:\/\/www.lofficinabici.com\/wp-content\/uploads\/2022\/12\/cf-lg-7e25146b-0a78-42e7-9cf4-f4419d63e15a.webp\" \/>\n\t<meta property=\"og:image:width\" content=\"600\" \/>\n\t<meta property=\"og:image:height\" content=\"600\" \/>\n\t<meta property=\"og:image:type\" content=\"image\/webp\" \/>\n<meta name=\"twitter:card\" content=\"summary_large_image\" \/>\n<meta name=\"twitter:label1\" content=\"Est. reading time\" \/>\n\t<meta name=\"twitter:data1\" content=\"3 minutes\" \/>\n<script type=\"application\/ld+json\" class=\"yoast-schema-graph\">{\"@context\":\"https:\\\/\\\/schema.org\",\"@graph\":[{\"@type\":\"WebPage\",\"@id\":\"https:\\\/\\\/www.lofficinabici.com\\\/en\\\/produit\\\/garmin-edge-530\\\/\",\"url\":\"https:\\\/\\\/www.lofficinabici.com\\\/en\\\/produit\\\/garmin-edge-530\\\/\",\"name\":\"GARMIN EDGE 530 - L\u2019OFFICINA bici da corsa\",\"isPartOf\":{\"@id\":\"https:\\\/\\\/www.lofficinabici.com\\\/en\\\/#website\"},\"primaryImageOfPage\":{\"@id\":\"https:\\\/\\\/www.lofficinabici.com\\\/en\\\/produit\\\/garmin-edge-530\\\/#primaryimage\"},\"image\":{\"@id\":\"https:\\\/\\\/www.lofficinabici.com\\\/en\\\/produit\\\/garmin-edge-530\\\/#primaryimage\"},\"thumbnailUrl\":\"https:\\\/\\\/www.lofficinabici.com\\\/wp-content\\\/uploads\\\/2022\\\/12\\\/cf-lg-7e25146b-0a78-42e7-9cf4-f4419d63e15a.webp\",\"datePublished\":\"2022-12-16T10:20:53+00:00\",\"dateModified\":\"2024-07-08T14:34:39+00:00\",\"description\":\"GARMIN EDGE 530 GPS disponible \u00e0 L'officina pernes les fontaines mont ventoux luberon, suivi dynamique des performances , autonomie 20 h\",\"breadcrumb\":{\"@id\":\"https:\\\/\\\/www.lofficinabici.com\\\/en\\\/produit\\\/garmin-edge-530\\\/#breadcrumb\"},\"inLanguage\":\"en-US\",\"potentialAction\":[{\"@type\":\"ReadAction\",\"target\":[\"https:\\\/\\\/www.lofficinabici.com\\\/en\\\/produit\\\/garmin-edge-530\\\/\"]}]},{\"@type\":\"ImageObject\",\"inLanguage\":\"en-US\",\"@id\":\"https:\\\/\\\/www.lofficinabici.com\\\/en\\\/produit\\\/garmin-edge-530\\\/#primaryimage\",\"url\":\"https:\\\/\\\/www.lofficinabici.com\\\/wp-content\\\/uploads\\\/2022\\\/12\\\/cf-lg-7e25146b-0a78-42e7-9cf4-f4419d63e15a.webp\",\"contentUrl\":\"https:\\\/\\\/www.lofficinabici.com\\\/wp-content\\\/uploads\\\/2022\\\/12\\\/cf-lg-7e25146b-0a78-42e7-9cf4-f4419d63e15a.webp\",\"width\":600,\"height\":600},{\"@type\":\"BreadcrumbList\",\"@id\":\"https:\\\/\\\/www.lofficinabici.com\\\/en\\\/produit\\\/garmin-edge-530\\\/#breadcrumb\",\"itemListElement\":[{\"@type\":\"ListItem\",\"position\":1,\"name\":\"Accueil\",\"item\":\"https:\\\/\\\/www.lofficinabici.com\\\/en\\\/?lang=en\"},{\"@type\":\"ListItem\",\"position\":2,\"name\":\"e-Shop\",\"item\":\"https:\\\/\\\/www.lofficinabici.com\\\/shop\\\/?lang=en\"},{\"@type\":\"ListItem\",\"position\":3,\"name\":\"GARMIN EDGE 530\"}]},{\"@type\":\"WebSite\",\"@id\":\"https:\\\/\\\/www.lofficinabici.com\\\/en\\\/#website\",\"url\":\"https:\\\/\\\/www.lofficinabici.com\\\/en\\\/\",\"name\":\"L\u2019OFFICINA bici da corsa\",\"description\":\"v\u00e9los de course\",\"publisher\":{\"@id\":\"https:\\\/\\\/www.lofficinabici.com\\\/en\\\/#organization\"},\"potentialAction\":[{\"@type\":\"SearchAction\",\"target\":{\"@type\":\"EntryPoint\",\"urlTemplate\":\"https:\\\/\\\/www.lofficinabici.com\\\/en\\\/?s={search_term_string}\"},\"query-input\":{\"@type\":\"PropertyValueSpecification\",\"valueRequired\":true,\"valueName\":\"search_term_string\"}}],\"inLanguage\":\"en-US\"},{\"@type\":\"Organization\",\"@id\":\"https:\\\/\\\/www.lofficinabici.com\\\/en\\\/#organization\",\"name\":\"L'officina bici\",\"url\":\"https:\\\/\\\/www.lofficinabici.com\\\/en\\\/\",\"logo\":{\"@type\":\"ImageObject\",\"inLanguage\":\"en-US\",\"@id\":\"https:\\\/\\\/www.lofficinabici.com\\\/en\\\/#\\\/schema\\\/logo\\\/image\\\/\",\"url\":\"https:\\\/\\\/www.lofficinabici.com\\\/wp-content\\\/uploads\\\/2022\\\/01\\\/cropped-LOFFICINA-1.png\",\"contentUrl\":\"https:\\\/\\\/www.lofficinabici.com\\\/wp-content\\\/uploads\\\/2022\\\/01\\\/cropped-LOFFICINA-1.png\",\"width\":400,\"height\":225,\"caption\":\"L'officina bici\"},\"image\":{\"@id\":\"https:\\\/\\\/www.lofficinabici.com\\\/en\\\/#\\\/schema\\\/logo\\\/image\\\/\"},\"sameAs\":[\"https:\\\/\\\/www.facebook.com\\\/lofficinabici\\\/\",\"https:\\\/\\\/www.instagram.com\\\/lofficinabicidacorsa\\\/\"]}]}<\/script>\n<!-- \/ Yoast SEO plugin. -->","yoast_head_json":{"title":"GARMIN EDGE 530 - L\u2019OFFICINA bici da corsa","description":"GARMIN EDGE 530 GPS disponible \u00e0 L'officina pernes les fontaines mont ventoux luberon, suivi dynamique des performances , autonomie 20 h","robots":{"index":"index","follow":"follow","max-snippet":"max-snippet:-1","max-image-preview":"max-image-preview:large","max-video-preview":"max-video-preview:-1"},"canonical":"https:\/\/www.lofficinabici.com\/en\/produit\/garmin-edge-530\/","og_locale":"en_US","og_type":"article","og_title":"GARMIN EDGE 530 - L\u2019OFFICINA bici da corsa","og_description":"GARMIN EDGE 530 GPS disponible \u00e0 L'officina pernes les fontaines mont ventoux luberon, suivi dynamique des performances , autonomie 20 h","og_url":"https:\/\/www.lofficinabici.com\/en\/produit\/garmin-edge-530\/","og_site_name":"L\u2019OFFICINA bici da corsa","article_publisher":"https:\/\/www.facebook.com\/lofficinabici\/","article_modified_time":"2024-07-08T14:34:39+00:00","og_image":[{"width":600,"height":600,"url":"https:\/\/www.lofficinabici.com\/wp-content\/uploads\/2022\/12\/cf-lg-7e25146b-0a78-42e7-9cf4-f4419d63e15a.webp","type":"image\/webp"}],"twitter_card":"summary_large_image","twitter_misc":{"Est. reading time":"3 minutes"},"schema":{"@context":"https:\/\/schema.org","@graph":[{"@type":"WebPage","@id":"https:\/\/www.lofficinabici.com\/en\/produit\/garmin-edge-530\/","url":"https:\/\/www.lofficinabici.com\/en\/produit\/garmin-edge-530\/","name":"GARMIN EDGE 530 - L\u2019OFFICINA bici da corsa","isPartOf":{"@id":"https:\/\/www.lofficinabici.com\/en\/#website"},"primaryImageOfPage":{"@id":"https:\/\/www.lofficinabici.com\/en\/produit\/garmin-edge-530\/#primaryimage"},"image":{"@id":"https:\/\/www.lofficinabici.com\/en\/produit\/garmin-edge-530\/#primaryimage"},"thumbnailUrl":"https:\/\/www.lofficinabici.com\/wp-content\/uploads\/2022\/12\/cf-lg-7e25146b-0a78-42e7-9cf4-f4419d63e15a.webp","datePublished":"2022-12-16T10:20:53+00:00","dateModified":"2024-07-08T14:34:39+00:00","description":"GARMIN EDGE 530 GPS disponible \u00e0 L'officina pernes les fontaines mont ventoux luberon, suivi dynamique des performances , autonomie 20 h","breadcrumb":{"@id":"https:\/\/www.lofficinabici.com\/en\/produit\/garmin-edge-530\/#breadcrumb"},"inLanguage":"en-US","potentialAction":[{"@type":"ReadAction","target":["https:\/\/www.lofficinabici.com\/en\/produit\/garmin-edge-530\/"]}]},{"@type":"ImageObject","inLanguage":"en-US","@id":"https:\/\/www.lofficinabici.com\/en\/produit\/garmin-edge-530\/#primaryimage","url":"https:\/\/www.lofficinabici.com\/wp-content\/uploads\/2022\/12\/cf-lg-7e25146b-0a78-42e7-9cf4-f4419d63e15a.webp","contentUrl":"https:\/\/www.lofficinabici.com\/wp-content\/uploads\/2022\/12\/cf-lg-7e25146b-0a78-42e7-9cf4-f4419d63e15a.webp","width":600,"height":600},{"@type":"BreadcrumbList","@id":"https:\/\/www.lofficinabici.com\/en\/produit\/garmin-edge-530\/#breadcrumb","itemListElement":[{"@type":"ListItem","position":1,"name":"Accueil","item":"https:\/\/www.lofficinabici.com\/en\/?lang=en"},{"@type":"ListItem","position":2,"name":"e-Shop","item":"https:\/\/www.lofficinabici.com\/shop\/?lang=en"},{"@type":"ListItem","position":3,"name":"GARMIN EDGE 530"}]},{"@type":"WebSite","@id":"https:\/\/www.lofficinabici.com\/en\/#website","url":"https:\/\/www.lofficinabici.com\/en\/","name":"L\u2019OFFICINA bici da corsa","description":"v\u00e9los de course","publisher":{"@id":"https:\/\/www.lofficinabici.com\/en\/#organization"},"potentialAction":[{"@type":"SearchAction","target":{"@type":"EntryPoint","urlTemplate":"https:\/\/www.lofficinabici.com\/en\/?s={search_term_string}"},"query-input":{"@type":"PropertyValueSpecification","valueRequired":true,"valueName":"search_term_string"}}],"inLanguage":"en-US"},{"@type":"Organization","@id":"https:\/\/www.lofficinabici.com\/en\/#organization","name":"L'officina bici","url":"https:\/\/www.lofficinabici.com\/en\/","logo":{"@type":"ImageObject","inLanguage":"en-US","@id":"https:\/\/www.lofficinabici.com\/en\/#\/schema\/logo\/image\/","url":"https:\/\/www.lofficinabici.com\/wp-content\/uploads\/2022\/01\/cropped-LOFFICINA-1.png","contentUrl":"https:\/\/www.lofficinabici.com\/wp-content\/uploads\/2022\/01\/cropped-LOFFICINA-1.png","width":400,"height":225,"caption":"L'officina bici"},"image":{"@id":"https:\/\/www.lofficinabici.com\/en\/#\/schema\/logo\/image\/"},"sameAs":["https:\/\/www.facebook.com\/lofficinabici\/","https:\/\/www.instagram.com\/lofficinabicidacorsa\/"]}]}},"_links":{"self":[{"href":"https:\/\/www.lofficinabici.com\/en\/wp-json\/wp\/v2\/product\/10324","targetHints":{"allow":["GET"]}}],"collection":[{"href":"https:\/\/www.lofficinabici.com\/en\/wp-json\/wp\/v2\/product"}],"about":[{"href":"https:\/\/www.lofficinabici.com\/en\/wp-json\/wp\/v2\/types\/product"}],"replies":[{"embeddable":true,"href":"https:\/\/www.lofficinabici.com\/en\/wp-json\/wp\/v2\/comments?post=10324"}],"wp:featuredmedia":[{"embeddable":true,"href":"https:\/\/www.lofficinabici.com\/en\/wp-json\/wp\/v2\/media\/10329"}],"wp:attachment":[{"href":"https:\/\/www.lofficinabici.com\/en\/wp-json\/wp\/v2\/media?parent=10324"}],"wp:term":[{"taxonomy":"product_brand","embeddable":true,"href":"https:\/\/www.lofficinabici.com\/en\/wp-json\/wp\/v2\/product_brand?post=10324"},{"taxonomy":"product_cat","embeddable":true,"href":"https:\/\/www.lofficinabici.com\/en\/wp-json\/wp\/v2\/product_cat?post=10324"},{"taxonomy":"product_tag","embeddable":true,"href":"https:\/\/www.lofficinabici.com\/en\/wp-json\/wp\/v2\/product_tag?post=10324"}],"curies":[{"name":"wp","href":"https:\/\/api.w.org\/{rel}","templated":true}]}}