{"id":10310,"date":"2022-12-16T11:10:49","date_gmt":"2022-12-16T10:10:49","guid":{"rendered":"https:\/\/www.lofficinabici.com\/?post_type=product&#038;p=10310"},"modified":"2024-09-23T13:29:28","modified_gmt":"2024-09-23T12:29:28","slug":"garmin-edge-830","status":"publish","type":"product","link":"https:\/\/www.lofficinabici.com\/en\/produit\/garmin-edge-830\/","title":{"rendered":"GARMIN EDGE 830"},"content":{"rendered":"<section id=\"app__tabs__content__specs\" class=\"app__tabs__content__main app__tabs__content__main--active js__app__tabs__content__sec app__tabs__content__main--specs\">\n<article>\n<div class=\"app__tabs__content__wrap js__app__tabs__content\">\n<div class=\"app__render-content\">\n<table>\n<tbody>\n<tr class=\"title\">\n<td colspan=\"2\">\n<h3>G\u00e9n\u00e9ral<\/h3>\n<\/td>\n<\/tr>\n<tr>\n<th scope=\"row\">RECHARGE DE L&#8217;APPAREILS SUR LE V\u00c9LO (SUPPORT ALIMENT\u00c9 ET BATTERIE GARMIN CHARGE)<\/th>\n<td class=\"yes\"><\/td>\n<\/tr>\n<tr>\n<th scope=\"row\">DIMENSIONS PHYSIQUES<\/th>\n<td><\/td>\n<\/tr>\n<tr>\n<th scope=\"row\">ECRAN TACTILE<\/th>\n<td class=\"yes\"><\/td>\n<\/tr>\n<tr>\n<th scope=\"row\">ECRAN COULEUR<\/th>\n<td class=\"yes\"><\/td>\n<\/tr>\n<tr>\n<th scope=\"row\">FORMAT D&#8217;AFFICHAGE (LARGEUR PAR HAUTEUR)<\/th>\n<td>2,6\u00a0pouces, couleur<\/td>\n<\/tr>\n<tr>\n<th scope=\"row\">D\u00c9FINITION D&#8217;\u00c9CRAN (LARGEUR PAR HAUTEUR)<\/th>\n<td>246\u00a0\u00d7 322\u00a0pixels<\/td>\n<\/tr>\n<tr>\n<th scope=\"row\">POIDS<\/th>\n<td>79,1\u00a0g<\/td>\n<\/tr>\n<tr>\n<th scope=\"row\"><a href=\"http:\/\/www.garmin.com\/fr-FR\/legal\/waterrating\/\" target=\"_blank\" rel=\"noopener\">DEGR\u00c9 DE R\u00c9SISTANCE \u00c0 L&#8217;EAU<\/a><\/th>\n<td>IPX7<\/td>\n<\/tr>\n<tr>\n<th scope=\"row\">BATTERIE<\/th>\n<td>Lithium-ion, rechargeable<\/td>\n<\/tr>\n<tr>\n<th scope=\"row\">AUTONOMIE DE LA BATTERIE<\/th>\n<td>Jusqu&#8217;\u00e0 20\u00a0heures en mode entra\u00eenement GPS<\/td>\n<\/tr>\n<tr>\n<th scope=\"row\">MODE \u00c9CONOMIE DE BATTERIE<\/th>\n<\/tr>\n<\/tbody>\n<\/table>\n<\/div>\n<\/div>\n<\/article>\n<\/section>\n<div id=\"js__product__sidebar\" class=\"app__sidebar\" data-active-tab=\"specs\">\n<div id=\"js__product__sidebar__quickLinks\" class=\"app__sidebar__wrapper\"><\/div>\n<\/div>\n<p>&nbsp;<\/p>\n<div id=\"js__product__sidebar\" class=\"app__sidebar\" data-active-tab=\"specs\">\n<div class=\"app__sidebar__wrapper\">\n<section id=\"js__product__sidebar__compatible\" class=\"app__sidebar__con app__sidebar__con--cards\">\n<div class=\"app__sidebar__list\">\n<div id=\"js__sidebar__010-01673-00\" class=\"app__product__card\">\n<div class=\"app__product__card__container\">\n<div class=\"app__product__card__price__wrapper\">\n<div class=\"app__product__card__price\"><a href=\"https:\/\/www.garmin.com\/fr-FR\/p\/621232\">https:\/\/www.garmin.com\/fr-FR\/p\/621232<\/a><\/div>\n<\/div>\n<\/div>\n<\/div>\n<div id=\"js__sidebar__010-12654-00\" class=\"app__product__card\"><\/div>\n<\/div>\n<div><\/div>\n<div class=\"app__sidebar__list\">\n<div id=\"js__sidebar__010-12654-01\" class=\"app__product__card\">\n<div class=\"app__product__card__container\">\n<div class=\"app__product__card__price__wrapper\">\n<div class=\"app__product__card__price\"><\/div>\n<\/div>\n<\/div>\n<\/div>\n<div id=\"js__sidebar__010-12654-02\" class=\"app__product__card\"><\/div>\n<div id=\"js__sidebar__010-12654-03\" class=\"app__product__card\">\n<div class=\"app__product__card__container\">\n<div class=\"app__product__card__price__wrapper\">\n<div class=\"app__product__card__price\">\n<p class=\"responsive-video-wrap clr\"><iframe title=\"Pr\u00e9sentation des ordinateurs GPS pour v\u00e9lo Garmin Edge 530 et Edge 830\" width=\"1200\" height=\"675\" src=\"https:\/\/www.youtube.com\/embed\/fDs7iBwS0lU?feature=oembed\" frameborder=\"0\" allow=\"accelerometer; autoplay; clipboard-write; encrypted-media; gyroscope; picture-in-picture\" allowfullscreen><\/iframe><\/p>\n<\/div>\n<\/div>\n<\/div>\n<\/div>\n<div id=\"js__sidebar__010-12654-04\" class=\"app__product__card\"><\/div>\n<\/div>\n<\/section>\n<section class=\"app__sidebar__con app__sidebar__con--cards\">\n<h3><\/h3>\n<div class=\"app__sidebar__list\">\n<div class=\"app__product__card\"><\/div>\n<div class=\"app__product__card\">\n<div class=\"app__product__card__container\">\n<div class=\"app__product__card__price__wrapper\">\n<div class=\"app__product__card__price app__product__card__price__sale\"><\/div>\n<\/div>\n<\/div>\n<\/div>\n<div class=\"app__product__card\"><\/div>\n<\/div>\n<\/section>\n<section class=\"app__sidebar__con app__sidebar__con--cards\">\n<div class=\"app__sidebar__list\">\n<div class=\"app__product__card\"><\/div>\n<\/div>\n<\/section>\n<\/div>\n<\/div>\n","protected":false},"excerpt":{"rendered":"<h1>DES INFORMATIONS POUR PROGRESSER<\/h1>\n<div class=\"app__overview__intro__description\">\n<p>Le compteur GPS de v\u00e9lo Edge\u00ae 830, avec \u00e9cran tactile, fournit un suivi dynamique des performances ainsi que des donn\u00e9es pour vous aider \u00e0 vous am\u00e9liorer. \u00c7a vous int\u00e9resse\u00a0?<\/p>\n<\/div>\n","protected":false},"featured_media":10311,"comment_status":"closed","ping_status":"closed","template":"","meta":{"om_disable_all_campaigns":false,"_monsterinsights_skip_tracking":false,"_monsterinsights_sitenote_active":false,"_monsterinsights_sitenote_note":"","_monsterinsights_sitenote_category":0,"ocean_post_layout":"","ocean_both_sidebars_style":"","ocean_both_sidebars_content_width":0,"ocean_both_sidebars_sidebars_width":0,"ocean_sidebar":"0","ocean_second_sidebar":"0","ocean_disable_margins":"enable","ocean_add_body_class":"","ocean_shortcode_before_top_bar":"","ocean_shortcode_after_top_bar":"","ocean_shortcode_before_header":"","ocean_shortcode_after_header":"","ocean_has_shortcode":"","ocean_shortcode_after_title":"","ocean_shortcode_before_footer_widgets":"","ocean_shortcode_after_footer_widgets":"","ocean_shortcode_before_footer_bottom":"","ocean_shortcode_after_footer_bottom":"","ocean_display_top_bar":"default","ocean_display_header":"default","ocean_header_style":"","ocean_center_header_left_menu":"0","ocean_custom_header_template":"0","ocean_custom_logo":0,"ocean_custom_retina_logo":0,"ocean_custom_logo_max_width":0,"ocean_custom_logo_tablet_max_width":0,"ocean_custom_logo_mobile_max_width":0,"ocean_custom_logo_max_height":0,"ocean_custom_logo_tablet_max_height":0,"ocean_custom_logo_mobile_max_height":0,"ocean_header_custom_menu":"0","ocean_menu_typo_font_family":"0","ocean_menu_typo_font_subset":"","ocean_menu_typo_font_size":0,"ocean_menu_typo_font_size_tablet":0,"ocean_menu_typo_font_size_mobile":0,"ocean_menu_typo_font_size_unit":"px","ocean_menu_typo_font_weight":"","ocean_menu_typo_font_weight_tablet":"","ocean_menu_typo_font_weight_mobile":"","ocean_menu_typo_transform":"","ocean_menu_typo_transform_tablet":"","ocean_menu_typo_transform_mobile":"","ocean_menu_typo_line_height":0,"ocean_menu_typo_line_height_tablet":0,"ocean_menu_typo_line_height_mobile":0,"ocean_menu_typo_line_height_unit":"","ocean_menu_typo_spacing":0,"ocean_menu_typo_spacing_tablet":0,"ocean_menu_typo_spacing_mobile":0,"ocean_menu_typo_spacing_unit":"","ocean_menu_link_color":"","ocean_menu_link_color_hover":"","ocean_menu_link_color_active":"","ocean_menu_link_background":"","ocean_menu_link_hover_background":"","ocean_menu_link_active_background":"","ocean_menu_social_links_bg":"","ocean_menu_social_hover_links_bg":"","ocean_menu_social_links_color":"","ocean_menu_social_hover_links_color":"","ocean_disable_title":"default","ocean_disable_heading":"default","ocean_post_title":"","ocean_post_subheading":"","ocean_post_title_style":"","ocean_post_title_background_color":"","ocean_post_title_background":0,"ocean_post_title_bg_image_position":"","ocean_post_title_bg_image_attachment":"","ocean_post_title_bg_image_repeat":"","ocean_post_title_bg_image_size":"","ocean_post_title_height":0,"ocean_post_title_bg_overlay":0.5,"ocean_post_title_bg_overlay_color":"","ocean_disable_breadcrumbs":"default","ocean_breadcrumbs_color":"","ocean_breadcrumbs_separator_color":"","ocean_breadcrumbs_links_color":"","ocean_breadcrumbs_links_hover_color":"","ocean_display_footer_widgets":"default","ocean_display_footer_bottom":"default","ocean_custom_footer_template":"0"},"product_brand":[],"product_cat":[1246],"product_tag":[],"class_list":{"0":"post-10310","1":"product","2":"type-product","3":"status-publish","4":"has-post-thumbnail","6":"product_cat-gps","8":"entry","9":"has-media","11":"first","12":"outofstock","13":"sale","14":"taxable","15":"shipping-taxable","16":"purchasable","17":"product-type-simple","18":"has-product-nav","19":"col","20":"span_1_of_3","21":"owp-content-center","22":"owp-thumbs-layout-horizontal","23":"owp-btn-normal","24":"owp-tabs-layout-horizontal"},"yoast_head":"<!-- This site is optimized with the Yoast SEO plugin v27.5 - https:\/\/yoast.com\/product\/yoast-seo-wordpress\/ -->\n<title>GARMIN EDGE 830 - L\u2019OFFICINA bici da corsa<\/title>\n<meta name=\"description\" content=\"P\u00e9dalez quoi qu&#039;il arrive avec le compteur GPS de v\u00e9lo ultime. Edge\u00ae 1040 est pr\u00eat \u00e0 vous accompagner dans toutes vos activit\u00e9s\" \/>\n<meta name=\"robots\" content=\"index, follow, max-snippet:-1, max-image-preview:large, max-video-preview:-1\" \/>\n<link rel=\"canonical\" href=\"https:\/\/www.lofficinabici.com\/en\/produit\/garmin-edge-830\/\" \/>\n<meta property=\"og:locale\" content=\"en_US\" \/>\n<meta property=\"og:type\" content=\"article\" \/>\n<meta property=\"og:title\" content=\"GARMIN EDGE 830 - L\u2019OFFICINA bici da corsa\" \/>\n<meta property=\"og:description\" content=\"P\u00e9dalez quoi qu&#039;il arrive avec le compteur GPS de v\u00e9lo ultime. Edge\u00ae 1040 est pr\u00eat \u00e0 vous accompagner dans toutes vos activit\u00e9s\" \/>\n<meta property=\"og:url\" content=\"https:\/\/www.lofficinabici.com\/en\/produit\/garmin-edge-830\/\" \/>\n<meta property=\"og:site_name\" content=\"L\u2019OFFICINA bici da corsa\" \/>\n<meta property=\"article:publisher\" content=\"https:\/\/www.facebook.com\/lofficinabici\/\" \/>\n<meta property=\"article:modified_time\" content=\"2024-09-23T12:29:28+00:00\" \/>\n<meta property=\"og:image\" content=\"https:\/\/www.lofficinabici.com\/wp-content\/uploads\/2022\/12\/cf-lg-a0355eb5-024c-4bca-9e34-57b733e85927.webp\" \/>\n\t<meta property=\"og:image:width\" content=\"600\" \/>\n\t<meta property=\"og:image:height\" content=\"600\" \/>\n\t<meta property=\"og:image:type\" content=\"image\/webp\" \/>\n<meta name=\"twitter:card\" content=\"summary_large_image\" \/>\n<meta name=\"twitter:label1\" content=\"Est. reading time\" \/>\n\t<meta name=\"twitter:data1\" content=\"1 minute\" \/>\n<script type=\"application\/ld+json\" class=\"yoast-schema-graph\">{\"@context\":\"https:\\\/\\\/schema.org\",\"@graph\":[{\"@type\":\"WebPage\",\"@id\":\"https:\\\/\\\/www.lofficinabici.com\\\/en\\\/produit\\\/garmin-edge-830\\\/\",\"url\":\"https:\\\/\\\/www.lofficinabici.com\\\/en\\\/produit\\\/garmin-edge-830\\\/\",\"name\":\"GARMIN EDGE 830 - L\u2019OFFICINA bici da corsa\",\"isPartOf\":{\"@id\":\"https:\\\/\\\/www.lofficinabici.com\\\/en\\\/#website\"},\"primaryImageOfPage\":{\"@id\":\"https:\\\/\\\/www.lofficinabici.com\\\/en\\\/produit\\\/garmin-edge-830\\\/#primaryimage\"},\"image\":{\"@id\":\"https:\\\/\\\/www.lofficinabici.com\\\/en\\\/produit\\\/garmin-edge-830\\\/#primaryimage\"},\"thumbnailUrl\":\"https:\\\/\\\/www.lofficinabici.com\\\/wp-content\\\/uploads\\\/2022\\\/12\\\/cf-lg-a0355eb5-024c-4bca-9e34-57b733e85927.webp\",\"datePublished\":\"2022-12-16T10:10:49+00:00\",\"dateModified\":\"2024-09-23T12:29:28+00:00\",\"description\":\"P\u00e9dalez quoi qu'il arrive avec le compteur GPS de v\u00e9lo ultime. Edge\u00ae 1040 est pr\u00eat \u00e0 vous accompagner dans toutes vos activit\u00e9s\",\"breadcrumb\":{\"@id\":\"https:\\\/\\\/www.lofficinabici.com\\\/en\\\/produit\\\/garmin-edge-830\\\/#breadcrumb\"},\"inLanguage\":\"en-US\",\"potentialAction\":[{\"@type\":\"ReadAction\",\"target\":[\"https:\\\/\\\/www.lofficinabici.com\\\/en\\\/produit\\\/garmin-edge-830\\\/\"]}]},{\"@type\":\"ImageObject\",\"inLanguage\":\"en-US\",\"@id\":\"https:\\\/\\\/www.lofficinabici.com\\\/en\\\/produit\\\/garmin-edge-830\\\/#primaryimage\",\"url\":\"https:\\\/\\\/www.lofficinabici.com\\\/wp-content\\\/uploads\\\/2022\\\/12\\\/cf-lg-a0355eb5-024c-4bca-9e34-57b733e85927.webp\",\"contentUrl\":\"https:\\\/\\\/www.lofficinabici.com\\\/wp-content\\\/uploads\\\/2022\\\/12\\\/cf-lg-a0355eb5-024c-4bca-9e34-57b733e85927.webp\",\"width\":600,\"height\":600},{\"@type\":\"BreadcrumbList\",\"@id\":\"https:\\\/\\\/www.lofficinabici.com\\\/en\\\/produit\\\/garmin-edge-830\\\/#breadcrumb\",\"itemListElement\":[{\"@type\":\"ListItem\",\"position\":1,\"name\":\"Accueil\",\"item\":\"https:\\\/\\\/www.lofficinabici.com\\\/en\\\/?lang=en\"},{\"@type\":\"ListItem\",\"position\":2,\"name\":\"e-Shop\",\"item\":\"https:\\\/\\\/www.lofficinabici.com\\\/shop\\\/?lang=en\"},{\"@type\":\"ListItem\",\"position\":3,\"name\":\"GARMIN EDGE 830\"}]},{\"@type\":\"WebSite\",\"@id\":\"https:\\\/\\\/www.lofficinabici.com\\\/en\\\/#website\",\"url\":\"https:\\\/\\\/www.lofficinabici.com\\\/en\\\/\",\"name\":\"L\u2019OFFICINA bici da corsa\",\"description\":\"v\u00e9los de course\",\"publisher\":{\"@id\":\"https:\\\/\\\/www.lofficinabici.com\\\/en\\\/#organization\"},\"potentialAction\":[{\"@type\":\"SearchAction\",\"target\":{\"@type\":\"EntryPoint\",\"urlTemplate\":\"https:\\\/\\\/www.lofficinabici.com\\\/en\\\/?s={search_term_string}\"},\"query-input\":{\"@type\":\"PropertyValueSpecification\",\"valueRequired\":true,\"valueName\":\"search_term_string\"}}],\"inLanguage\":\"en-US\"},{\"@type\":\"Organization\",\"@id\":\"https:\\\/\\\/www.lofficinabici.com\\\/en\\\/#organization\",\"name\":\"L'officina bici\",\"url\":\"https:\\\/\\\/www.lofficinabici.com\\\/en\\\/\",\"logo\":{\"@type\":\"ImageObject\",\"inLanguage\":\"en-US\",\"@id\":\"https:\\\/\\\/www.lofficinabici.com\\\/en\\\/#\\\/schema\\\/logo\\\/image\\\/\",\"url\":\"https:\\\/\\\/www.lofficinabici.com\\\/wp-content\\\/uploads\\\/2022\\\/01\\\/cropped-LOFFICINA-1.png\",\"contentUrl\":\"https:\\\/\\\/www.lofficinabici.com\\\/wp-content\\\/uploads\\\/2022\\\/01\\\/cropped-LOFFICINA-1.png\",\"width\":400,\"height\":225,\"caption\":\"L'officina bici\"},\"image\":{\"@id\":\"https:\\\/\\\/www.lofficinabici.com\\\/en\\\/#\\\/schema\\\/logo\\\/image\\\/\"},\"sameAs\":[\"https:\\\/\\\/www.facebook.com\\\/lofficinabici\\\/\",\"https:\\\/\\\/www.instagram.com\\\/lofficinabicidacorsa\\\/\"]}]}<\/script>\n<!-- \/ Yoast SEO plugin. -->","yoast_head_json":{"title":"GARMIN EDGE 830 - L\u2019OFFICINA bici da corsa","description":"P\u00e9dalez quoi qu'il arrive avec le compteur GPS de v\u00e9lo ultime. Edge\u00ae 1040 est pr\u00eat \u00e0 vous accompagner dans toutes vos activit\u00e9s","robots":{"index":"index","follow":"follow","max-snippet":"max-snippet:-1","max-image-preview":"max-image-preview:large","max-video-preview":"max-video-preview:-1"},"canonical":"https:\/\/www.lofficinabici.com\/en\/produit\/garmin-edge-830\/","og_locale":"en_US","og_type":"article","og_title":"GARMIN EDGE 830 - L\u2019OFFICINA bici da corsa","og_description":"P\u00e9dalez quoi qu'il arrive avec le compteur GPS de v\u00e9lo ultime. Edge\u00ae 1040 est pr\u00eat \u00e0 vous accompagner dans toutes vos activit\u00e9s","og_url":"https:\/\/www.lofficinabici.com\/en\/produit\/garmin-edge-830\/","og_site_name":"L\u2019OFFICINA bici da corsa","article_publisher":"https:\/\/www.facebook.com\/lofficinabici\/","article_modified_time":"2024-09-23T12:29:28+00:00","og_image":[{"width":600,"height":600,"url":"https:\/\/www.lofficinabici.com\/wp-content\/uploads\/2022\/12\/cf-lg-a0355eb5-024c-4bca-9e34-57b733e85927.webp","type":"image\/webp"}],"twitter_card":"summary_large_image","twitter_misc":{"Est. reading time":"1 minute"},"schema":{"@context":"https:\/\/schema.org","@graph":[{"@type":"WebPage","@id":"https:\/\/www.lofficinabici.com\/en\/produit\/garmin-edge-830\/","url":"https:\/\/www.lofficinabici.com\/en\/produit\/garmin-edge-830\/","name":"GARMIN EDGE 830 - L\u2019OFFICINA bici da corsa","isPartOf":{"@id":"https:\/\/www.lofficinabici.com\/en\/#website"},"primaryImageOfPage":{"@id":"https:\/\/www.lofficinabici.com\/en\/produit\/garmin-edge-830\/#primaryimage"},"image":{"@id":"https:\/\/www.lofficinabici.com\/en\/produit\/garmin-edge-830\/#primaryimage"},"thumbnailUrl":"https:\/\/www.lofficinabici.com\/wp-content\/uploads\/2022\/12\/cf-lg-a0355eb5-024c-4bca-9e34-57b733e85927.webp","datePublished":"2022-12-16T10:10:49+00:00","dateModified":"2024-09-23T12:29:28+00:00","description":"P\u00e9dalez quoi qu'il arrive avec le compteur GPS de v\u00e9lo ultime. Edge\u00ae 1040 est pr\u00eat \u00e0 vous accompagner dans toutes vos activit\u00e9s","breadcrumb":{"@id":"https:\/\/www.lofficinabici.com\/en\/produit\/garmin-edge-830\/#breadcrumb"},"inLanguage":"en-US","potentialAction":[{"@type":"ReadAction","target":["https:\/\/www.lofficinabici.com\/en\/produit\/garmin-edge-830\/"]}]},{"@type":"ImageObject","inLanguage":"en-US","@id":"https:\/\/www.lofficinabici.com\/en\/produit\/garmin-edge-830\/#primaryimage","url":"https:\/\/www.lofficinabici.com\/wp-content\/uploads\/2022\/12\/cf-lg-a0355eb5-024c-4bca-9e34-57b733e85927.webp","contentUrl":"https:\/\/www.lofficinabici.com\/wp-content\/uploads\/2022\/12\/cf-lg-a0355eb5-024c-4bca-9e34-57b733e85927.webp","width":600,"height":600},{"@type":"BreadcrumbList","@id":"https:\/\/www.lofficinabici.com\/en\/produit\/garmin-edge-830\/#breadcrumb","itemListElement":[{"@type":"ListItem","position":1,"name":"Accueil","item":"https:\/\/www.lofficinabici.com\/en\/?lang=en"},{"@type":"ListItem","position":2,"name":"e-Shop","item":"https:\/\/www.lofficinabici.com\/shop\/?lang=en"},{"@type":"ListItem","position":3,"name":"GARMIN EDGE 830"}]},{"@type":"WebSite","@id":"https:\/\/www.lofficinabici.com\/en\/#website","url":"https:\/\/www.lofficinabici.com\/en\/","name":"L\u2019OFFICINA bici da corsa","description":"v\u00e9los de course","publisher":{"@id":"https:\/\/www.lofficinabici.com\/en\/#organization"},"potentialAction":[{"@type":"SearchAction","target":{"@type":"EntryPoint","urlTemplate":"https:\/\/www.lofficinabici.com\/en\/?s={search_term_string}"},"query-input":{"@type":"PropertyValueSpecification","valueRequired":true,"valueName":"search_term_string"}}],"inLanguage":"en-US"},{"@type":"Organization","@id":"https:\/\/www.lofficinabici.com\/en\/#organization","name":"L'officina bici","url":"https:\/\/www.lofficinabici.com\/en\/","logo":{"@type":"ImageObject","inLanguage":"en-US","@id":"https:\/\/www.lofficinabici.com\/en\/#\/schema\/logo\/image\/","url":"https:\/\/www.lofficinabici.com\/wp-content\/uploads\/2022\/01\/cropped-LOFFICINA-1.png","contentUrl":"https:\/\/www.lofficinabici.com\/wp-content\/uploads\/2022\/01\/cropped-LOFFICINA-1.png","width":400,"height":225,"caption":"L'officina bici"},"image":{"@id":"https:\/\/www.lofficinabici.com\/en\/#\/schema\/logo\/image\/"},"sameAs":["https:\/\/www.facebook.com\/lofficinabici\/","https:\/\/www.instagram.com\/lofficinabicidacorsa\/"]}]}},"_links":{"self":[{"href":"https:\/\/www.lofficinabici.com\/en\/wp-json\/wp\/v2\/product\/10310","targetHints":{"allow":["GET"]}}],"collection":[{"href":"https:\/\/www.lofficinabici.com\/en\/wp-json\/wp\/v2\/product"}],"about":[{"href":"https:\/\/www.lofficinabici.com\/en\/wp-json\/wp\/v2\/types\/product"}],"replies":[{"embeddable":true,"href":"https:\/\/www.lofficinabici.com\/en\/wp-json\/wp\/v2\/comments?post=10310"}],"wp:featuredmedia":[{"embeddable":true,"href":"https:\/\/www.lofficinabici.com\/en\/wp-json\/wp\/v2\/media\/10311"}],"wp:attachment":[{"href":"https:\/\/www.lofficinabici.com\/en\/wp-json\/wp\/v2\/media?parent=10310"}],"wp:term":[{"taxonomy":"product_brand","embeddable":true,"href":"https:\/\/www.lofficinabici.com\/en\/wp-json\/wp\/v2\/product_brand?post=10310"},{"taxonomy":"product_cat","embeddable":true,"href":"https:\/\/www.lofficinabici.com\/en\/wp-json\/wp\/v2\/product_cat?post=10310"},{"taxonomy":"product_tag","embeddable":true,"href":"https:\/\/www.lofficinabici.com\/en\/wp-json\/wp\/v2\/product_tag?post=10310"}],"curies":[{"name":"wp","href":"https:\/\/api.w.org\/{rel}","templated":true}]}}